{"id":27113,"date":"2020-02-05T10:51:46","date_gmt":"2020-02-05T09:51:46","guid":{"rendered":"https:\/\/www.pompezanni.it\/?page_id=27113"},"modified":"2022-04-05T10:06:23","modified_gmt":"2022-04-05T08:06:23","slug":"news","status":"publish","type":"page","link":"https:\/\/www.pompezanni.it\/fr\/news\/","title":{"rendered":"News"},"content":{"rendered":"<div id='layer_slider_1' class='avia-layerslider main_color avia-shadow  container_wrap fullsize'    style='height: 201px;' ><\/div>\n<div  data-autoplay=''  data-interval='5'  data-animation='fade'  data-show_slide_delay='90'  class='avia-content-slider avia-content-grid-active avia-content-slider1 avia-content-slider-even '  itemscope=\"itemscope\" itemtype=\"https:\/\/schema.org\/Blog\" ><div class='avia-content-slider-inner'><div class='slide-entry-wrap'><article class='slide-entry flex_column  post-entry post-entry-28933 slide-entry-overview slide-loop-1 slide-parity-odd  av_one_fourth first real-thumbnail'  itemscope=\"itemscope\" itemtype=\"https:\/\/schema.org\/BlogPosting\" itemprop=\"blogPost\" ><a href='https:\/\/www.pompezanni.it\/fr\/news-fr\/puits-sur-les-terrains-agricoles\/' data-rel='slide-1' class='slide-image' title=''><img loading=\"lazy\" decoding=\"async\" width=\"260\" height=\"185\" src=\"https:\/\/www.pompezanni.it\/wp-content\/uploads\/2021\/12\/pozzi-campi-agricoli-2-260x185.jpg\" class=\"attachment-portfolio_small size-portfolio_small wp-post-image\" alt=\"I pozzi nei campi agricoli\" \/><\/a><div class='slide-content'><header class=\"entry-content-header\"><h3 class='slide-entry-title entry-title'  itemprop=\"headline\" ><a href='https:\/\/www.pompezanni.it\/fr\/news-fr\/puits-sur-les-terrains-agricoles\/' title='Les puits sur les terrains agricoles'>Les puits sur les terrains agricoles<\/a><\/h3><span class=\"av-vertical-delimiter\"><\/span><\/header><div class='slide-meta'><time class='slide-meta-time updated'  itemprop=\"datePublished\" datetime=\"2022-02-15T16:02:52+01:00\" >15 f\u00e9vrier 2022<\/time><\/div><div class='slide-entry-excerpt entry-content'  itemprop=\"text\" >Par \"puits agricoles\", l\u2019on entend les puits d\u2019eau utilis\u00e9s\u2026<\/div><\/div><footer class=\"entry-footer\"><\/footer><span class='hidden'>\n\t\t\t<span class='av-structured-data'  itemscope=\"itemscope\" itemtype=\"https:\/\/schema.org\/ImageObject\"  itemprop='image'>\n\t\t\t\t\t   <span itemprop='url' >https:\/\/www.pompezanni.it\/wp-content\/uploads\/2021\/12\/pozzi-campi-agricoli-2.jpg<\/span>\n\t\t\t\t\t   <span itemprop='height' >720<\/span>\n\t\t\t\t\t   <span itemprop='width' >1280<\/span>\n\t\t\t\t  <\/span><span class='av-structured-data'  itemprop=\"publisher\" itemtype=\"https:\/\/schema.org\/Organization\" itemscope=\"itemscope\" >\n\t\t\t\t<span itemprop='name'>Jessica Barigazzi<\/span>\n\t\t\t\t<span itemprop='logo' itemscope itemtype='http:\/\/schema.org\/ImageObject'>\n\t\t\t\t   <span itemprop='url'>https:\/\/www.pompezanni.it\/wp-content\/uploads\/2018\/02\/LOGO-1.png<\/span>\n\t\t\t\t <\/span>\n\t\t\t  <\/span><span class='av-structured-data'  itemprop=\"author\" itemscope=\"itemscope\" itemtype=\"https:\/\/schema.org\/Person\" ><span itemprop='name'>Jessica Barigazzi<\/span><\/span><span class='av-structured-data'  itemprop=\"datePublished\" datetime=\"2020-05-13T18:08:05+02:00\" >2022-02-15 16:02:52<\/span><span class='av-structured-data'  itemprop=\"dateModified\" itemtype=\"https:\/\/schema.org\/dateModified\" >2022-06-29 16:08:42<\/span><span class='av-structured-data'  itemprop=\"mainEntityOfPage\" itemtype=\"https:\/\/schema.org\/mainEntityOfPage\" ><span itemprop='name'>Les puits sur les terrains agricoles<\/span><\/span><\/span><\/article><article class='slide-entry flex_column  post-entry post-entry-28929 slide-entry-overview slide-loop-2 slide-parity-even  av_one_fourth  real-thumbnail'  itemscope=\"itemscope\" itemtype=\"https:\/\/schema.org\/BlogPosting\" itemprop=\"blogPost\" ><a href='https:\/\/www.pompezanni.it\/fr\/news-fr\/puits-artesiens-pompes-eletriques\/' data-rel='slide-1' class='slide-image' title=''><img loading=\"lazy\" decoding=\"async\" width=\"260\" height=\"185\" src=\"https:\/\/www.pompezanni.it\/wp-content\/uploads\/2021\/09\/PompeZanni_Pompe-Verticali-7-260x185.jpg\" class=\"attachment-portfolio_small size-portfolio_small wp-post-image\" alt=\"\" \/><\/a><div class='slide-content'><header class=\"entry-content-header\"><h3 class='slide-entry-title entry-title'  itemprop=\"headline\" ><a href='https:\/\/www.pompezanni.it\/fr\/news-fr\/puits-artesiens-pompes-eletriques\/' title='Les puits art\u00e9siens et les pompes \u00e9lectriques'>Les puits art\u00e9siens et les pompes \u00e9lectriques<\/a><\/h3><span class=\"av-vertical-delimiter\"><\/span><\/header><div class='slide-meta'><time class='slide-meta-time updated'  itemprop=\"datePublished\" datetime=\"2022-01-15T16:00:42+01:00\" >15 janvier 2022<\/time><\/div><div class='slide-entry-excerpt entry-content'  itemprop=\"text\" >Si vous poss\u00e9dez un puits ou que vous songez \u00e0 en installer\u2026<\/div><\/div><footer class=\"entry-footer\"><\/footer><span class='hidden'>\n\t\t\t<span class='av-structured-data'  itemscope=\"itemscope\" itemtype=\"https:\/\/schema.org\/ImageObject\"  itemprop='image'>\n\t\t\t\t\t   <span itemprop='url' >https:\/\/www.pompezanni.it\/wp-content\/uploads\/2021\/09\/PompeZanni_Pompe-Verticali-7.jpg<\/span>\n\t\t\t\t\t   <span itemprop='height' >400<\/span>\n\t\t\t\t\t   <span itemprop='width' >495<\/span>\n\t\t\t\t  <\/span><span class='av-structured-data'  itemprop=\"publisher\" itemtype=\"https:\/\/schema.org\/Organization\" itemscope=\"itemscope\" >\n\t\t\t\t<span itemprop='name'>Jessica Barigazzi<\/span>\n\t\t\t\t<span itemprop='logo' itemscope itemtype='http:\/\/schema.org\/ImageObject'>\n\t\t\t\t   <span itemprop='url'>https:\/\/www.pompezanni.it\/wp-content\/uploads\/2018\/02\/LOGO-1.png<\/span>\n\t\t\t\t <\/span>\n\t\t\t  <\/span><span class='av-structured-data'  itemprop=\"author\" itemscope=\"itemscope\" itemtype=\"https:\/\/schema.org\/Person\" ><span itemprop='name'>Jessica Barigazzi<\/span><\/span><span class='av-structured-data'  itemprop=\"datePublished\" datetime=\"2020-05-13T18:08:05+02:00\" >2022-01-15 16:00:42<\/span><span class='av-structured-data'  itemprop=\"dateModified\" itemtype=\"https:\/\/schema.org\/dateModified\" >2022-06-29 16:02:17<\/span><span class='av-structured-data'  itemprop=\"mainEntityOfPage\" itemtype=\"https:\/\/schema.org\/mainEntityOfPage\" ><span itemprop='name'>Les puits art\u00e9siens et les pompes \u00e9lectriques<\/span><\/span><\/span><\/article><article class='slide-entry flex_column  post-entry post-entry-28642 slide-entry-overview slide-loop-3 slide-parity-odd  av_one_fourth  real-thumbnail'  itemscope=\"itemscope\" itemtype=\"https:\/\/schema.org\/BlogPosting\" itemprop=\"blogPost\" ><a href='https:\/\/www.pompezanni.it\/fr\/news-fr\/pompes-horizontales\/' data-rel='slide-1' class='slide-image' title=''><img loading=\"lazy\" decoding=\"async\" width=\"260\" height=\"185\" src=\"https:\/\/www.pompezanni.it\/wp-content\/uploads\/2018\/04\/SINGOLA_02-260x185.jpg\" class=\"attachment-portfolio_small size-portfolio_small wp-post-image\" alt=\"\" srcset=\"https:\/\/www.pompezanni.it\/wp-content\/uploads\/2018\/04\/SINGOLA_02-260x185.jpg 260w, https:\/\/www.pompezanni.it\/wp-content\/uploads\/2018\/04\/SINGOLA_02-600x430.jpg 600w\" sizes=\"auto, (max-width: 260px) 100vw, 260px\" \/><\/a><div class='slide-content'><header class=\"entry-content-header\"><h3 class='slide-entry-title entry-title'  itemprop=\"headline\" ><a href='https:\/\/www.pompezanni.it\/fr\/news-fr\/pompes-horizontales\/' title='Pompes horizontales: de quoi s\u2019agit-il et comment \u00e7a fonctionne'>Pompes horizontales: de quoi s\u2019agit-il et comment \u00e7a fonctionne<\/a><\/h3><span class=\"av-vertical-delimiter\"><\/span><\/header><div class='slide-meta'><time class='slide-meta-time updated'  itemprop=\"datePublished\" datetime=\"2021-11-12T16:16:18+01:00\" >12 novembre 2021<\/time><\/div><div class='slide-entry-excerpt entry-content'  itemprop=\"text\" >Les pompes horizontales sont des syst\u00e8mes particuliers capables\u2026<\/div><\/div><footer class=\"entry-footer\"><\/footer><span class='hidden'>\n\t\t\t<span class='av-structured-data'  itemscope=\"itemscope\" itemtype=\"https:\/\/schema.org\/ImageObject\"  itemprop='image'>\n\t\t\t\t\t   <span itemprop='url' >https:\/\/www.pompezanni.it\/wp-content\/uploads\/2018\/04\/SINGOLA_02.jpg<\/span>\n\t\t\t\t\t   <span itemprop='height' >450<\/span>\n\t\t\t\t\t   <span itemprop='width' >600<\/span>\n\t\t\t\t  <\/span><span class='av-structured-data'  itemprop=\"publisher\" itemtype=\"https:\/\/schema.org\/Organization\" itemscope=\"itemscope\" >\n\t\t\t\t<span itemprop='name'>Jessica Barigazzi<\/span>\n\t\t\t\t<span itemprop='logo' itemscope itemtype='http:\/\/schema.org\/ImageObject'>\n\t\t\t\t   <span itemprop='url'>https:\/\/www.pompezanni.it\/wp-content\/uploads\/2018\/02\/LOGO-1.png<\/span>\n\t\t\t\t <\/span>\n\t\t\t  <\/span><span class='av-structured-data'  itemprop=\"author\" itemscope=\"itemscope\" itemtype=\"https:\/\/schema.org\/Person\" ><span itemprop='name'>Jessica Barigazzi<\/span><\/span><span class='av-structured-data'  itemprop=\"datePublished\" datetime=\"2020-05-13T18:08:05+02:00\" >2021-11-12 16:16:18<\/span><span class='av-structured-data'  itemprop=\"dateModified\" itemtype=\"https:\/\/schema.org\/dateModified\" >2021-11-12 16:16:18<\/span><span class='av-structured-data'  itemprop=\"mainEntityOfPage\" itemtype=\"https:\/\/schema.org\/mainEntityOfPage\" ><span itemprop='name'>Pompes horizontales: de quoi s\u2019agit-il et comment \u00e7a fonctionne<\/span><\/span><\/span><\/article><article class='slide-entry flex_column  post-entry post-entry-27504 slide-entry-overview slide-loop-4 slide-parity-even  av_one_fourth  real-thumbnail'  itemscope=\"itemscope\" itemtype=\"https:\/\/schema.org\/BlogPosting\" itemprop=\"blogPost\" ><a href='https:\/\/www.pompezanni.it\/fr\/news-fr\/pomp-electrique-immergee-industrielle\/' data-rel='slide-1' class='slide-image' title=''><img loading=\"lazy\" decoding=\"async\" width=\"1000\" height=\"562\" src=\"https:\/\/www.pompezanni.it\/wp-content\/uploads\/2021\/03\/pompezanni6.jpg\" class=\"attachment-portfolio_small size-portfolio_small wp-post-image\" alt=\"pompe verticali industriali\" srcset=\"https:\/\/www.pompezanni.it\/wp-content\/uploads\/2021\/03\/pompezanni6.jpg 1000w, https:\/\/www.pompezanni.it\/wp-content\/uploads\/2021\/03\/pompezanni6-450x253.jpg 450w\" sizes=\"auto, (max-width: 1000px) 100vw, 1000px\" \/><\/a><div class='slide-content'><header class=\"entry-content-header\"><h3 class='slide-entry-title entry-title'  itemprop=\"headline\" ><a href='https:\/\/www.pompezanni.it\/fr\/news-fr\/pomp-electrique-immergee-industrielle\/' title='Comment choisir une pompe \u00e9lectrique immerg\u00e9e pour des applications industrielles'>Comment choisir une pompe \u00e9lectrique immerg\u00e9e pour des applications industrielles<\/a><\/h3><span class=\"av-vertical-delimiter\"><\/span><\/header><div class='slide-meta'><time class='slide-meta-time updated'  itemprop=\"datePublished\" datetime=\"2021-03-23T14:04:59+01:00\" >23 mars 2021<\/time><\/div><div class='slide-entry-excerpt entry-content'  itemprop=\"text\" >La pompe \u00e9lectrique immerg\u00e9e industrielle est un syst\u00e8me tr\u00e8s\u2026<\/div><\/div><footer class=\"entry-footer\"><\/footer><span class='hidden'>\n\t\t\t<span class='av-structured-data'  itemscope=\"itemscope\" itemtype=\"https:\/\/schema.org\/ImageObject\"  itemprop='image'>\n\t\t\t\t\t   <span itemprop='url' >https:\/\/www.pompezanni.it\/wp-content\/uploads\/2021\/03\/pompezanni6.jpg<\/span>\n\t\t\t\t\t   <span itemprop='height' >562<\/span>\n\t\t\t\t\t   <span itemprop='width' >1000<\/span>\n\t\t\t\t  <\/span><span class='av-structured-data'  itemprop=\"publisher\" itemtype=\"https:\/\/schema.org\/Organization\" itemscope=\"itemscope\" >\n\t\t\t\t<span itemprop='name'>Jessica Barigazzi<\/span>\n\t\t\t\t<span itemprop='logo' itemscope itemtype='http:\/\/schema.org\/ImageObject'>\n\t\t\t\t   <span itemprop='url'>https:\/\/www.pompezanni.it\/wp-content\/uploads\/2018\/02\/LOGO-1.png<\/span>\n\t\t\t\t <\/span>\n\t\t\t  <\/span><span class='av-structured-data'  itemprop=\"author\" itemscope=\"itemscope\" itemtype=\"https:\/\/schema.org\/Person\" ><span itemprop='name'>Jessica Barigazzi<\/span><\/span><span class='av-structured-data'  itemprop=\"datePublished\" datetime=\"2020-05-13T18:08:05+02:00\" >2021-03-23 14:04:59<\/span><span class='av-structured-data'  itemprop=\"dateModified\" itemtype=\"https:\/\/schema.org\/dateModified\" >2021-03-23 14:04:59<\/span><span class='av-structured-data'  itemprop=\"mainEntityOfPage\" itemtype=\"https:\/\/schema.org\/mainEntityOfPage\" ><span itemprop='name'>Comment choisir une pompe \u00e9lectrique immerg\u00e9e pour des applications industrielles<\/span><\/span><\/span><\/article><\/div><div class='slide-entry-wrap'><article class='slide-entry flex_column  post-entry post-entry-27426 slide-entry-overview slide-loop-5 slide-parity-odd  av_one_fourth first real-thumbnail'  itemscope=\"itemscope\" itemtype=\"https:\/\/schema.org\/BlogPosting\" itemprop=\"blogPost\" ><a href='https:\/\/www.pompezanni.it\/fr\/news-fr\/pompes-hydrauliques-electriques-2\/' data-rel='slide-1' class='slide-image' title=''><img loading=\"lazy\" decoding=\"async\" width=\"1600\" height=\"1066\" src=\"https:\/\/www.pompezanni.it\/wp-content\/uploads\/2015\/01\/Trans-Alaska_Pipeline_System_Luca_Galuzzi_2005.jpg\" class=\"attachment-portfolio_small size-portfolio_small wp-post-image\" alt=\"pompe per irrigazione\" srcset=\"https:\/\/www.pompezanni.it\/wp-content\/uploads\/2015\/01\/Trans-Alaska_Pipeline_System_Luca_Galuzzi_2005.jpg 1600w, https:\/\/www.pompezanni.it\/wp-content\/uploads\/2015\/01\/Trans-Alaska_Pipeline_System_Luca_Galuzzi_2005-1500x999.jpg 1500w, https:\/\/www.pompezanni.it\/wp-content\/uploads\/2015\/01\/Trans-Alaska_Pipeline_System_Luca_Galuzzi_2005-450x300.jpg 450w\" sizes=\"auto, (max-width: 1600px) 100vw, 1600px\" \/><\/a><div class='slide-content'><header class=\"entry-content-header\"><h3 class='slide-entry-title entry-title'  itemprop=\"headline\" ><a href='https:\/\/www.pompezanni.it\/fr\/news-fr\/pompes-hydrauliques-electriques-2\/' title='Pompes hydrauliques \u00e9lectriques: qu\u2019est-ce que c\u2019est et quels sont leurs avantages?'>Pompes hydrauliques \u00e9lectriques: qu\u2019est-ce que c\u2019est et quels sont leurs avantages?<\/a><\/h3><span class=\"av-vertical-delimiter\"><\/span><\/header><div class='slide-meta'><time class='slide-meta-time updated'  itemprop=\"datePublished\" datetime=\"2021-01-22T17:06:33+01:00\" >22 janvier 2021<\/time><\/div><div class='slide-entry-excerpt entry-content'  itemprop=\"text\" >Les pompes hydrauliques \u00e9lectriques sont des dispositifs m\u00e9caniques\u2026<\/div><\/div><footer class=\"entry-footer\"><\/footer><span class='hidden'>\n\t\t\t<span class='av-structured-data'  itemscope=\"itemscope\" itemtype=\"https:\/\/schema.org\/ImageObject\"  itemprop='image'>\n\t\t\t\t\t   <span itemprop='url' >https:\/\/www.pompezanni.it\/wp-content\/uploads\/2015\/01\/Trans-Alaska_Pipeline_System_Luca_Galuzzi_2005.jpg<\/span>\n\t\t\t\t\t   <span itemprop='height' >1066<\/span>\n\t\t\t\t\t   <span itemprop='width' >1600<\/span>\n\t\t\t\t  <\/span><span class='av-structured-data'  itemprop=\"publisher\" itemtype=\"https:\/\/schema.org\/Organization\" itemscope=\"itemscope\" >\n\t\t\t\t<span itemprop='name'>Jessica Barigazzi<\/span>\n\t\t\t\t<span itemprop='logo' itemscope itemtype='http:\/\/schema.org\/ImageObject'>\n\t\t\t\t   <span itemprop='url'>https:\/\/www.pompezanni.it\/wp-content\/uploads\/2018\/02\/LOGO-1.png<\/span>\n\t\t\t\t <\/span>\n\t\t\t  <\/span><span class='av-structured-data'  itemprop=\"author\" itemscope=\"itemscope\" itemtype=\"https:\/\/schema.org\/Person\" ><span itemprop='name'>Jessica Barigazzi<\/span><\/span><span class='av-structured-data'  itemprop=\"datePublished\" datetime=\"2020-05-13T18:08:05+02:00\" >2021-01-22 17:06:33<\/span><span class='av-structured-data'  itemprop=\"dateModified\" itemtype=\"https:\/\/schema.org\/dateModified\" >2021-01-22 17:06:33<\/span><span class='av-structured-data'  itemprop=\"mainEntityOfPage\" itemtype=\"https:\/\/schema.org\/mainEntityOfPage\" ><span itemprop='name'>Pompes hydrauliques \u00e9lectriques: qu\u2019est-ce que c\u2019est et quels sont leurs avantages?<\/span><\/span><\/span><\/article><article class='slide-entry flex_column  post-entry post-entry-27367 slide-entry-overview slide-loop-6 slide-parity-even  av_one_fourth  real-thumbnail'  itemscope=\"itemscope\" itemtype=\"https:\/\/schema.org\/BlogPosting\" itemprop=\"blogPost\" ><a href='https:\/\/www.pompezanni.it\/fr\/news-fr\/causes-prevention-cavitation-dans-une-pompe\/' data-rel='slide-1' class='slide-image' title=''><img loading=\"lazy\" decoding=\"async\" width=\"753\" height=\"600\" src=\"https:\/\/www.pompezanni.it\/wp-content\/uploads\/2020\/11\/cavitazione-pompa.jpg\" class=\"attachment-portfolio_small size-portfolio_small wp-post-image\" alt=\"\" srcset=\"https:\/\/www.pompezanni.it\/wp-content\/uploads\/2020\/11\/cavitazione-pompa.jpg 753w, https:\/\/www.pompezanni.it\/wp-content\/uploads\/2020\/11\/cavitazione-pompa-450x359.jpg 450w\" sizes=\"auto, (max-width: 753px) 100vw, 753px\" \/><\/a><div class='slide-content'><header class=\"entry-content-header\"><h3 class='slide-entry-title entry-title'  itemprop=\"headline\" ><a href='https:\/\/www.pompezanni.it\/fr\/news-fr\/causes-prevention-cavitation-dans-une-pompe\/' title='Causes et pr\u00e9vention de la cavitation dans une pompe'>Causes et pr\u00e9vention de la cavitation dans une pompe<\/a><\/h3><span class=\"av-vertical-delimiter\"><\/span><\/header><div class='slide-meta'><time class='slide-meta-time updated'  itemprop=\"datePublished\" datetime=\"2020-11-17T15:19:52+01:00\" >17 novembre 2020<\/time><\/div><div class='slide-entry-excerpt entry-content'  itemprop=\"text\" >La cavitation dans une pompe est un ph\u00e9nom\u00e8ne physique qui\u2026<\/div><\/div><footer class=\"entry-footer\"><\/footer><span class='hidden'>\n\t\t\t<span class='av-structured-data'  itemscope=\"itemscope\" itemtype=\"https:\/\/schema.org\/ImageObject\"  itemprop='image'>\n\t\t\t\t\t   <span itemprop='url' >https:\/\/www.pompezanni.it\/wp-content\/uploads\/2020\/11\/cavitazione-pompa.jpg<\/span>\n\t\t\t\t\t   <span itemprop='height' >600<\/span>\n\t\t\t\t\t   <span itemprop='width' >753<\/span>\n\t\t\t\t  <\/span><span class='av-structured-data'  itemprop=\"publisher\" itemtype=\"https:\/\/schema.org\/Organization\" itemscope=\"itemscope\" >\n\t\t\t\t<span itemprop='name'>Jessica Barigazzi<\/span>\n\t\t\t\t<span itemprop='logo' itemscope itemtype='http:\/\/schema.org\/ImageObject'>\n\t\t\t\t   <span itemprop='url'>https:\/\/www.pompezanni.it\/wp-content\/uploads\/2018\/02\/LOGO-1.png<\/span>\n\t\t\t\t <\/span>\n\t\t\t  <\/span><span class='av-structured-data'  itemprop=\"author\" itemscope=\"itemscope\" itemtype=\"https:\/\/schema.org\/Person\" ><span itemprop='name'>Jessica Barigazzi<\/span><\/span><span class='av-structured-data'  itemprop=\"datePublished\" datetime=\"2020-05-13T18:08:05+02:00\" >2020-11-17 15:19:52<\/span><span class='av-structured-data'  itemprop=\"dateModified\" itemtype=\"https:\/\/schema.org\/dateModified\" >2020-11-30 15:20:59<\/span><span class='av-structured-data'  itemprop=\"mainEntityOfPage\" itemtype=\"https:\/\/schema.org\/mainEntityOfPage\" ><span itemprop='name'>Causes et pr\u00e9vention de la cavitation dans une pompe<\/span><\/span><\/span><\/article><article class='slide-entry flex_column  post-entry post-entry-27374 slide-entry-overview slide-loop-7 slide-parity-odd  av_one_fourth  real-thumbnail'  itemscope=\"itemscope\" itemtype=\"https:\/\/schema.org\/BlogPosting\" itemprop=\"blogPost\" ><a href='https:\/\/www.pompezanni.it\/fr\/news-fr\/pompes-hydrauliques-electriques\/' data-rel='slide-1' class='slide-image' title=''><img loading=\"lazy\" decoding=\"async\" width=\"1600\" height=\"987\" src=\"https:\/\/www.pompezanni.it\/wp-content\/uploads\/2020\/10\/ppp.jpg\" class=\"attachment-portfolio_small size-portfolio_small wp-post-image\" alt=\"manutenzione pompe\" srcset=\"https:\/\/www.pompezanni.it\/wp-content\/uploads\/2020\/10\/ppp.jpg 1600w, https:\/\/www.pompezanni.it\/wp-content\/uploads\/2020\/10\/ppp-1500x925.jpg 1500w, https:\/\/www.pompezanni.it\/wp-content\/uploads\/2020\/10\/ppp-450x278.jpg 450w\" sizes=\"auto, (max-width: 1600px) 100vw, 1600px\" \/><\/a><div class='slide-content'><header class=\"entry-content-header\"><h3 class='slide-entry-title entry-title'  itemprop=\"headline\" ><a href='https:\/\/www.pompezanni.it\/fr\/news-fr\/pompes-hydrauliques-electriques\/' title='Pompes hydrauliques \u00e9lectriques: types et avantages pour chaque application'>Pompes hydrauliques \u00e9lectriques: types et avantages pour chaque application<\/a><\/h3><span class=\"av-vertical-delimiter\"><\/span><\/header><div class='slide-meta'><time class='slide-meta-time updated'  itemprop=\"datePublished\" datetime=\"2020-10-17T15:22:51+02:00\" >17 octobre 2020<\/time><\/div><div class='slide-entry-excerpt entry-content'  itemprop=\"text\" >Les pompes hydrauliques \u00e9lectriques permettent de faire circuler\u2026<\/div><\/div><footer class=\"entry-footer\"><\/footer><span class='hidden'>\n\t\t\t<span class='av-structured-data'  itemscope=\"itemscope\" itemtype=\"https:\/\/schema.org\/ImageObject\"  itemprop='image'>\n\t\t\t\t\t   <span itemprop='url' >https:\/\/www.pompezanni.it\/wp-content\/uploads\/2020\/10\/ppp.jpg<\/span>\n\t\t\t\t\t   <span itemprop='height' >987<\/span>\n\t\t\t\t\t   <span itemprop='width' >1600<\/span>\n\t\t\t\t  <\/span><span class='av-structured-data'  itemprop=\"publisher\" itemtype=\"https:\/\/schema.org\/Organization\" itemscope=\"itemscope\" >\n\t\t\t\t<span itemprop='name'>Jessica Barigazzi<\/span>\n\t\t\t\t<span itemprop='logo' itemscope itemtype='http:\/\/schema.org\/ImageObject'>\n\t\t\t\t   <span itemprop='url'>https:\/\/www.pompezanni.it\/wp-content\/uploads\/2018\/02\/LOGO-1.png<\/span>\n\t\t\t\t <\/span>\n\t\t\t  <\/span><span class='av-structured-data'  itemprop=\"author\" itemscope=\"itemscope\" itemtype=\"https:\/\/schema.org\/Person\" ><span itemprop='name'>Jessica Barigazzi<\/span><\/span><span class='av-structured-data'  itemprop=\"datePublished\" datetime=\"2020-05-13T18:08:05+02:00\" >2020-10-17 15:22:51<\/span><span class='av-structured-data'  itemprop=\"dateModified\" itemtype=\"https:\/\/schema.org\/dateModified\" >2020-11-30 15:33:32<\/span><span class='av-structured-data'  itemprop=\"mainEntityOfPage\" itemtype=\"https:\/\/schema.org\/mainEntityOfPage\" ><span itemprop='name'>Pompes hydrauliques \u00e9lectriques: types et avantages pour chaque application<\/span><\/span><\/span><\/article><article class='slide-entry flex_column  post-entry post-entry-27154 slide-entry-overview slide-loop-8 slide-parity-even  post-entry-last  av_one_fourth  real-thumbnail'  itemscope=\"itemscope\" itemtype=\"https:\/\/schema.org\/BlogPosting\" itemprop=\"blogPost\" ><a href='https:\/\/www.pompezanni.it\/fr\/news-fr\/comment-choisir-la-pompe-dirrigation-la-plus-appropriee-2\/' data-rel='slide-1' class='slide-image' title=''><img loading=\"lazy\" decoding=\"async\" width=\"600\" height=\"450\" src=\"https:\/\/www.pompezanni.it\/wp-content\/uploads\/2018\/05\/foto-pompe-verticali-gruppo.jpg\" class=\"attachment-portfolio_small size-portfolio_small wp-post-image\" alt=\"pompe verticali prodotte da Pompe Zanni\" srcset=\"https:\/\/www.pompezanni.it\/wp-content\/uploads\/2018\/05\/foto-pompe-verticali-gruppo.jpg 600w, https:\/\/www.pompezanni.it\/wp-content\/uploads\/2018\/05\/foto-pompe-verticali-gruppo-450x338.jpg 450w\" sizes=\"auto, (max-width: 600px) 100vw, 600px\" \/><\/a><div class='slide-content'><header class=\"entry-content-header\"><h3 class='slide-entry-title entry-title'  itemprop=\"headline\" ><a href='https:\/\/www.pompezanni.it\/fr\/news-fr\/comment-choisir-la-pompe-dirrigation-la-plus-appropriee-2\/' title='Comment choisir la pompe d\u2019irrigation la plus appropri\u00e9e'>Comment choisir la pompe d\u2019irrigation la plus appropri\u00e9e<\/a><\/h3><span class=\"av-vertical-delimiter\"><\/span><\/header><div class='slide-meta'><time class='slide-meta-time updated'  itemprop=\"datePublished\" datetime=\"2020-05-13T18:08:05+02:00\" >13 mai 2020<\/time><\/div><div class='slide-entry-excerpt entry-content'  itemprop=\"text\" >Les pompes d\u2019irrigation peuvent \u00eatre utilis\u00e9es pour diverses\u2026<\/div><\/div><footer class=\"entry-footer\"><\/footer><span class='hidden'>\n\t\t\t<span class='av-structured-data'  itemscope=\"itemscope\" itemtype=\"https:\/\/schema.org\/ImageObject\"  itemprop='image'>\n\t\t\t\t\t   <span itemprop='url' >https:\/\/www.pompezanni.it\/wp-content\/uploads\/2018\/05\/foto-pompe-verticali-gruppo.jpg<\/span>\n\t\t\t\t\t   <span itemprop='height' >450<\/span>\n\t\t\t\t\t   <span itemprop='width' >600<\/span>\n\t\t\t\t  <\/span><span class='av-structured-data'  itemprop=\"publisher\" itemtype=\"https:\/\/schema.org\/Organization\" itemscope=\"itemscope\" >\n\t\t\t\t<span itemprop='name'>adminzenzero<\/span>\n\t\t\t\t<span itemprop='logo' itemscope itemtype='http:\/\/schema.org\/ImageObject'>\n\t\t\t\t   <span itemprop='url'>https:\/\/www.pompezanni.it\/wp-content\/uploads\/2018\/02\/LOGO-1.png<\/span>\n\t\t\t\t <\/span>\n\t\t\t  <\/span><span class='av-structured-data'  itemprop=\"author\" itemscope=\"itemscope\" itemtype=\"https:\/\/schema.org\/Person\" ><span itemprop='name'>adminzenzero<\/span><\/span><span class='av-structured-data'  itemprop=\"datePublished\" datetime=\"2020-05-13T18:08:05+02:00\" >2020-05-13 18:08:05<\/span><span class='av-structured-data'  itemprop=\"dateModified\" itemtype=\"https:\/\/schema.org\/dateModified\" >2020-11-04 11:30:59<\/span><span class='av-structured-data'  itemprop=\"mainEntityOfPage\" itemtype=\"https:\/\/schema.org\/mainEntityOfPage\" ><span itemprop='name'>Comment choisir la pompe d\u2019irrigation la plus appropri\u00e9e<\/span><\/span><\/span><\/article><\/div><\/div><div class='pagination-wrap pagination-slider'><nav class='pagination'><span class='pagination-meta'>Page 1 sur 2<\/span><span class='current'>1<\/span><a href='https:\/\/www.pompezanni.it\/fr\/wp-json\/wp\/v2\/pages\/27113\/page\/2\/' class='inactive' >2<\/a><\/nav>\n<\/div><\/div>\n","protected":false},"excerpt":{"rendered":"","protected":false},"author":3,"featured_media":0,"parent":0,"menu_order":0,"comment_status":"open","ping_status":"closed","template":"","meta":{"_acf_changed":false,"footnotes":""},"class_list":["post-27113","page","type-page","status-publish","hentry"],"acf":[],"_links":{"self":[{"href":"https:\/\/www.pompezanni.it\/fr\/wp-json\/wp\/v2\/pages\/27113","targetHints":{"allow":["GET"]}}],"collection":[{"href":"https:\/\/www.pompezanni.it\/fr\/wp-json\/wp\/v2\/pages"}],"about":[{"href":"https:\/\/www.pompezanni.it\/fr\/wp-json\/wp\/v2\/types\/page"}],"author":[{"embeddable":true,"href":"https:\/\/www.pompezanni.it\/fr\/wp-json\/wp\/v2\/users\/3"}],"replies":[{"embeddable":true,"href":"https:\/\/www.pompezanni.it\/fr\/wp-json\/wp\/v2\/comments?post=27113"}],"version-history":[{"count":0,"href":"https:\/\/www.pompezanni.it\/fr\/wp-json\/wp\/v2\/pages\/27113\/revisions"}],"wp:attachment":[{"href":"https:\/\/www.pompezanni.it\/fr\/wp-json\/wp\/v2\/media?parent=27113"}],"curies":[{"name":"wp","href":"https:\/\/api.w.org\/{rel}","templated":true}]}}