{"id":26336,"date":"2018-06-25T17:16:43","date_gmt":"2018-06-25T15:16:43","guid":{"rendered":"https:\/\/www.pompezanni.it\/?page_id=26336"},"modified":"2021-09-07T10:43:04","modified_gmt":"2021-09-07T08:43:04","slug":"pompes-a-plan-de-joint-300-250","status":"publish","type":"page","link":"https:\/\/www.pompezanni.it\/fr\/pompes-a-plan-de-joint\/pompes-a-plan-de-joint-300-250\/","title":{"rendered":"POMPES A PLAN DE JOINT 300-250"},"content":{"rendered":"<\/div><\/div><\/div><!-- close content main div --><\/div><\/div><div id='testata-pagina-prodotto' class='avia-section main_color avia-section-default avia-no-border-styling av-parallax-section avia-bg-style-parallax  container_wrap fullsize'  data-section-bg-repeat='no-repeat' ><div class='av-parallax' data-avia-parallax-ratio='0.3' ><div class='av-parallax-inner main_color  avia-full-stretch' style = 'background-repeat: no-repeat; background-image: url(https:\/\/www.pompezanni.it\/wp-content\/uploads\/2018\/04\/SFONDO.jpg); background-attachment: scroll; background-position: center center; ' ><\/div><\/div><div class='container' ><div class='template-page content  av-content-full alpha units'><div class='post-entry post-entry-type-page post-entry-26336'><div class='entry-content-wrapper clearfix'>\n<section class=\"av_textblock_section\"  itemscope=\"itemscope\" itemtype=\"https:\/\/schema.org\/CreativeWork\" ><div class='avia_textblock '   itemprop=\"text\" ><h1 style=\"text-align: center;\">POMPES A PLAN DE JOINT 300-250<\/h1>\n<\/div><\/section>\n\n<\/div><\/div><\/div><!-- close content main div --><\/div><\/div><div id='menu-categorie-pompe' class='avia-section main_color avia-section-default avia-no-border-styling avia-bg-style-scroll  container_wrap fullsize' style = 'background-color: #333037; '  ><div class='container' ><div class='template-page content  av-content-full alpha units'><div class='post-entry post-entry-type-page post-entry-26336'><div class='entry-content-wrapper clearfix'>\n<div class='flex_column_table av-equal-height-column-flextable' ><div class=\"flex_column av_one_fifth  flex_column_table_cell av-equal-height-column av-align-bottom av-zero-column-padding first  \" style='border-radius:0px; '><section class=\"avia_codeblock_section avia_code_block_0\"  itemscope=\"itemscope\" itemtype=\"https:\/\/schema.org\/CreativeWork\" ><div class='avia_codeblock '  itemprop=\"text\" > [avia_codeblock_placeholder uid=\"0\"] <\/div><\/section><\/div><\/div><!--close column table wrapper. Autoclose: 1 --><div class='flex_column_table av-equal-height-column-flextable' ><div class='av-flex-placeholder'><\/div><div class=\"flex_column av_one_fifth  flex_column_table_cell av-equal-height-column av-align-bottom av-zero-column-padding   \" style='border-radius:0px; '><section class=\"avia_codeblock_section avia_code_block_1\"  itemscope=\"itemscope\" itemtype=\"https:\/\/schema.org\/CreativeWork\" ><div class='avia_codeblock '  itemprop=\"text\" > [avia_codeblock_placeholder uid=\"1\"] <\/div><\/section><\/div><\/div><!--close column table wrapper. Autoclose: 1 --><div class='flex_column_table av-equal-height-column-flextable' ><div class='av-flex-placeholder'><\/div><div class=\"flex_column av_one_fifth  flex_column_table_cell av-equal-height-column av-align-bottom av-zero-column-padding   \" style='border-radius:0px; '><section class=\"avia_codeblock_section avia_code_block_2\"  itemscope=\"itemscope\" itemtype=\"https:\/\/schema.org\/CreativeWork\" ><div class='avia_codeblock '  itemprop=\"text\" > [avia_codeblock_placeholder uid=\"2\"] <\/div><\/section><\/div><\/div><!--close column table wrapper. Autoclose: 1 --><div class='flex_column_table av-equal-height-column-flextable' ><div class='av-flex-placeholder'><\/div><div class=\"flex_column av_one_fifth  flex_column_table_cell av-equal-height-column av-align-bottom av-zero-column-padding   \" style='border-radius:0px; '><section class=\"avia_codeblock_section avia_code_block_3\"  itemscope=\"itemscope\" itemtype=\"https:\/\/schema.org\/CreativeWork\" ><div class='avia_codeblock '  itemprop=\"text\" > [avia_codeblock_placeholder uid=\"3\"] <\/div><\/section><\/div><\/div><!--close column table wrapper. Autoclose: 1 --><div class='flex_column_table av-equal-height-column-flextable' ><div class='av-flex-placeholder'><\/div><div class=\"flex_column av_one_fifth  flex_column_table_cell av-equal-height-column av-align-bottom av-zero-column-padding   \" style='border-radius:0px; '><section class=\"avia_codeblock_section avia_code_block_4\"  itemscope=\"itemscope\" itemtype=\"https:\/\/schema.org\/CreativeWork\" ><div class='avia_codeblock '  itemprop=\"text\" > [avia_codeblock_placeholder uid=\"4\"] <\/div><\/section><\/div><\/div><!--close column table wrapper. Autoclose: 1 -->\n\n<\/div><\/div><\/div><!-- close content main div --><\/div><\/div><div id='av_section_3' class='avia-section main_color avia-section-default avia-no-border-styling avia-bg-style-scroll  container_wrap fullsize'   ><div class='container' ><div class='template-page content  av-content-full alpha units'><div class='post-entry post-entry-type-page post-entry-26336'><div class='entry-content-wrapper clearfix'>\n<div class='flex_column_table av-equal-height-column-flextable' ><div class=\"flex_column av_one_half  flex_column_table_cell av-equal-height-column av-align-top av-zero-column-padding first  \" style='border-radius:0px; '><p><div class='avia-image-container  av-styling-   avia-align-center '  itemscope=\"itemscope\" itemtype=\"https:\/\/schema.org\/ImageObject\"  ><div class='avia-image-container-inner'><img class='avia_image ' src='https:\/\/www.pompezanni.it\/wp-content\/uploads\/2018\/03\/split-case-125-80_01.png' alt='split case zanni' title='split case zanni'   itemprop=\"thumbnailUrl\"  \/><\/div><\/div><br \/>\n<div style=' margin-top:20px; margin-bottom:20px;'  class='hr hr-custom hr-left hr-icon-no '><span class='hr-inner   inner-border-av-border-fat' style=' width:100%; border-color:#ffffff;' ><span class='hr-inner-style'><\/span><\/span><\/div><\/p><\/div><\/div><!--close column table wrapper. Autoclose: 1 --><div class='flex_column_table av-equal-height-column-flextable' ><div class='av-flex-placeholder'><\/div><div class=\"flex_column av_one_half  flex_column_table_cell av-equal-height-column av-align-top av-zero-column-padding   \" style='border-radius:0px; '><p><div style='padding-bottom:0px;' class='av-special-heading av-special-heading-h2  blockquote modern-quote  '><div class ='av-subheading av-subheading_above ' style='font-size:15px;'><p>Pompes \u00e0 plan de Joint<\/p>\n<\/div><h2 class='av-special-heading-tag'  itemprop=\"headline\"  >POMPES A PLAN DE JOINT 300-250<\/h2><div class='special-heading-border'><div class='special-heading-inner-border' ><\/div><\/div><\/div><br \/>\n<div style='height:20px' class='hr hr-invisible '><span class='hr-inner ' ><span class='hr-inner-style'><\/span><\/span><\/div><br \/>\n<div class='avia-button-wrap avia-button-left '><a href='https:\/\/www.pompezanni.it\/fr\/devis\/' class='avia-button  avia-icon_select-no avia-color-custom avia-size-large avia-position-left '  style='background-color:#f45050; border-color:#f45050; color:#ffffff; ' ><span class='avia_iconbox_title' >DEMANDEZ UN DEVIS<\/span><\/a><\/div><br \/>\n<div style=' margin-top:20px; margin-bottom:20px;'  class='hr hr-custom hr-left hr-icon-no '><span class='hr-inner   inner-border-av-border-fat' style=' width:100%; border-color:#2e89c9;' ><span class='hr-inner-style'><\/span><\/span><\/div><br \/>\n<section class=\"av_textblock_section\"  itemscope=\"itemscope\" itemtype=\"https:\/\/schema.org\/CreativeWork\" ><div class='avia_textblock '  style='font-size:16px; '  itemprop=\"text\" ><h6 class=\"p1\"><strong><span class=\"s1\">DESCRIPTION<\/span><\/strong><\/h6>\n<ul>\n<li>Toutes les performances hydrauliques sont garanties selon la norme ISO9906-Grade 2- annexe A<\/li>\n<li>Tous les \u00e9l\u00e9ments mouill\u00e9s par le liquide pomp\u00e9 sont disponibles dans diff\u00e9rents types d&rsquo;alliage d&rsquo;acier et de bronze. Tous les \u00e9l\u00e9ments mouill\u00e9s par le liquide pomp\u00e9 peuvent \u00eatre trait\u00e9s avec des peintures \u00e9poxy ou des peintures c\u00e9ramiques du type Belzona.<\/li>\n<\/ul>\n<\/div><\/section><br \/>\n<div style=' margin-top:20px; margin-bottom:20px;'  class='hr hr-custom hr-left hr-icon-no '><span class='hr-inner   inner-border-av-border-fat' style=' width:100%; border-color:#2e89c9;' ><span class='hr-inner-style'><\/span><\/span><\/div><br \/>\n<section class=\"av_textblock_section\"  itemscope=\"itemscope\" itemtype=\"https:\/\/schema.org\/CreativeWork\" ><div class='avia_textblock '  style='font-size:16px; '  itemprop=\"text\" ><h6 class=\"p1\"><strong><span class=\"s1\">DOMAINES D\u2019APPLICATION<br \/>\n<\/span><\/strong><\/h6>\n<p>Les pompes \u00e0 plan de joint sont utilis\u00e9es pour les aqueducs, les syst\u00e8mes d\u2019extinction d&rsquo;incendie, les installations industrielles et les stations de pompage. Elles sont aussi de plus en plus utilis\u00e9s en agriculture.<\/p>\n<\/div><\/section><br \/>\n<section class=\"av_textblock_section\"  itemscope=\"itemscope\" itemtype=\"https:\/\/schema.org\/CreativeWork\" ><div class='avia_textblock  av_inherit_color'  style='font-size:17px; color:#222222; '  itemprop=\"text\" ><p><img loading=\"lazy\" decoding=\"async\" class=\"alignnone wp-image-16764 size-full\" src=\"https:\/\/www.pompezanni.it\/wp-content\/uploads\/2018\/03\/50_IMPIANTI-ANTINCENDIO.png\" alt=\"\" width=\"50\" height=\"50\" srcset=\"https:\/\/www.pompezanni.it\/wp-content\/uploads\/2018\/03\/50_IMPIANTI-ANTINCENDIO.png 50w, https:\/\/www.pompezanni.it\/wp-content\/uploads\/2018\/03\/50_IMPIANTI-ANTINCENDIO-36x36.png 36w\" sizes=\"auto, (max-width: 50px) 100vw, 50px\" \/>\u00a0 \u00a0\u00a0<img loading=\"lazy\" decoding=\"async\" class=\"alignnone wp-image-16766 size-full\" src=\"https:\/\/www.pompezanni.it\/wp-content\/uploads\/2018\/03\/50_ACQUEDOTTI.png\" alt=\"\" width=\"50\" height=\"50\" \/>\u00a0 \u00a0\u00a0<img loading=\"lazy\" decoding=\"async\" class=\"alignnone wp-image-16768 size-full\" src=\"https:\/\/www.pompezanni.it\/wp-content\/uploads\/2018\/03\/50_IMPIANTI-INDUSTRIALI.png\" alt=\"\" width=\"50\" height=\"50\" srcset=\"https:\/\/www.pompezanni.it\/wp-content\/uploads\/2018\/03\/50_IMPIANTI-INDUSTRIALI.png 50w, https:\/\/www.pompezanni.it\/wp-content\/uploads\/2018\/03\/50_IMPIANTI-INDUSTRIALI-36x36.png 36w\" sizes=\"auto, (max-width: 50px) 100vw, 50px\" \/> \u00a0\u00a0<img loading=\"lazy\" decoding=\"async\" class=\"alignnone wp-image-16771 size-full\" src=\"https:\/\/www.pompezanni.it\/wp-content\/uploads\/2018\/03\/50_STAZIONI-DI-POMPAGGIO.png\" alt=\"\" width=\"50\" height=\"50\" srcset=\"https:\/\/www.pompezanni.it\/wp-content\/uploads\/2018\/03\/50_STAZIONI-DI-POMPAGGIO.png 50w, https:\/\/www.pompezanni.it\/wp-content\/uploads\/2018\/03\/50_STAZIONI-DI-POMPAGGIO-36x36.png 36w\" sizes=\"auto, (max-width: 50px) 100vw, 50px\" \/><\/p>\n<\/div><\/section><br \/>\n<div style=' margin-top:20px; margin-bottom:20px;'  class='hr hr-custom hr-left hr-icon-no '><span class='hr-inner   inner-border-av-border-fat' style=' width:100%; border-color:#2e89c9;' ><span class='hr-inner-style'><\/span><\/span><\/div><br \/>\n<section class=\"av_textblock_section\"  itemscope=\"itemscope\" itemtype=\"https:\/\/schema.org\/CreativeWork\" ><div class='avia_textblock '  style='font-size:16px; '  itemprop=\"text\" ><h6 class=\"p1\"><strong><span class=\"s1\">MAT\u00c9RIAUX STANDARD<br \/>\n<\/span><\/strong><\/h6>\n<p>Corps de pompe en fonte, arbre en acier inoxydable, presse-\u00e9toupes, lubrification des roulements \u00e0 la graisse.<\/p>\n<\/div><\/section><br \/>\n<div style=' margin-top:20px; margin-bottom:20px;'  class='hr hr-custom hr-left hr-icon-no '><span class='hr-inner   inner-border-av-border-fat' style=' width:100%; border-color:#2e89c9;' ><span class='hr-inner-style'><\/span><\/span><\/div><br \/>\n<section class=\"av_textblock_section\"  itemscope=\"itemscope\" itemtype=\"https:\/\/schema.org\/CreativeWork\" ><div class='avia_textblock '  style='font-size:16px; '  itemprop=\"text\" ><h6 class=\"p1\"><strong><span class=\"s1\">DONN\u00c9ES<\/span><\/strong><\/h6>\n<p>\u2022 D\u00e9bit maximal : 1.800 m3\/h<br \/>\n\u2022 Charge hydraulique maximale : 220 m<br \/>\n\u2022 Puissance : 20\u00f71.100 kW<\/p>\n<\/div><\/section><br \/>\n<div style=' margin-top:20px; margin-bottom:20px;'  class='hr hr-custom hr-left hr-icon-no '><span class='hr-inner   inner-border-av-border-fat' style=' width:100%; border-color:#2e89c9;' ><span class='hr-inner-style'><\/span><\/span><\/div><br \/>\n<div class='avia-image-container  av-styling-   avia-align-center '  itemscope=\"itemscope\" itemtype=\"https:\/\/schema.org\/ImageObject\"  ><div class='avia-image-container-inner'><a href='https:\/\/www.pompezanni.it\/wp-content\/uploads\/2018\/04\/split_case_300-250.pdf' class='avia_image'   target=\"_blank\" ><img class='avia_image ' src='https:\/\/www.pompezanni.it\/wp-content\/uploads\/2018\/06\/SCARICA_SCHEDA_PDF_PAG_PRODOTTO_FRA.png' alt='' title='SCARICA_SCHEDA_PDF_PAG_PRODOTTO_FRA'  itemprop=\"thumbnailUrl\"  \/><\/a><\/div><\/div><br \/>\n<div style='height:20px' class='hr hr-invisible '><span class='hr-inner ' ><span class='hr-inner-style'><\/span><\/span><\/div><br \/>\n<div class='avia-image-container  av-styling-   avia-align-center '  itemscope=\"itemscope\" itemtype=\"https:\/\/schema.org\/ImageObject\"  ><div class='avia-image-container-inner'><a href='https:\/\/www.pompezanni.it\/wp-content\/uploads\/2018\/03\/split_case.pdf' class='avia_image'   target=\"_blank\" ><img class='avia_image ' src='https:\/\/www.pompezanni.it\/wp-content\/uploads\/2018\/06\/SCARICA_CATALOGO_PDF_PAG_PRODOTTO_FRA.png' alt='' title='SCARICA_CATALOGO_PDF_PAG_PRODOTTO_FRA'  itemprop=\"thumbnailUrl\"  \/><\/a><\/div><\/div><br \/>\n<div style='height:20px' class='hr hr-invisible '><span class='hr-inner ' ><span class='hr-inner-style'><\/span><\/span><\/div><br \/>\n<div class='avia-image-container  av-styling-   avia-align-center '  itemscope=\"itemscope\" itemtype=\"https:\/\/schema.org\/ImageObject\"  ><div class='avia-image-container-inner'><a href='https:\/\/www.pompezanni.it\/wp-content\/uploads\/2018\/03\/split_case.pdf' class='avia_image'   target=\"_blank\" ><img class='avia_image ' src='https:\/\/www.pompezanni.it\/wp-content\/uploads\/2018\/06\/SCARICA_CATALOGO_PDF_PAG_PRODOTTO_FRA.png' alt='' title='SCARICA_CATALOGO_PDF_PAG_PRODOTTO_FRA'  itemprop=\"thumbnailUrl\"  \/><\/a><\/div><\/div><\/p><\/div><\/div><!--close column table wrapper. Autoclose: 1 --><div style='height:20px' class='hr hr-invisible '><span class='hr-inner ' ><span class='hr-inner-style'><\/span><\/span><\/div><\/p>\n<\/div><\/div><\/div><!-- close content main div --><\/div><\/div><div id='av_section_4' class='avia-section main_color avia-section-small avia-no-border-styling avia-bg-style-scroll  container_wrap fullsize' style = 'background-color: #333037; background-repeat: no-repeat; background-image: url(https:\/\/www.pompezanni.it\/wp-content\/uploads\/2018\/02\/IMG_CTA_SMALL-1.png); background-attachment: scroll; background-position: center center; ' data-section-bg-repeat='no-repeat' ><div class='container' ><div class='template-page content  av-content-full alpha units'><div class='post-entry post-entry-type-page post-entry-26336'><div class='entry-content-wrapper clearfix'>\n<div class='flex_column_table av-equal-height-column-flextable' ><div class=\"flex_column av_three_fourth  flex_column_table_cell av-equal-height-column av-align-middle av-zero-column-padding first  \" style='border-radius:0px; '><p><div style='padding-bottom:0px;color:#ffffff;' class='av-special-heading av-special-heading-h2 custom-color-heading blockquote modern-quote  '><h2 class='av-special-heading-tag'  itemprop=\"headline\"  >DE QUOI AVEZ-VOUS BESOIN?<\/h2><div class='special-heading-border'><div class='special-heading-inner-border' style='border-color:#ffffff'><\/div><\/div><\/div><br \/>\n<section class=\"av_textblock_section\"  itemscope=\"itemscope\" itemtype=\"https:\/\/schema.org\/CreativeWork\" ><div class='avia_textblock  av_inherit_color'  style='font-size:18px; color:#ffffff; '  itemprop=\"text\" ><p><strong style=\"color: #ffffff;\">D\u00e9bit? Charge hydraulique? Puissance? R\u00e9pondez \u00e0 un court questionnaire gratuit d\u00e8s maintenant.<\/strong><br \/>\nPar quelques simples questions, nous allons vous indiquer le type de pompe qui correspond le mieux \u00e0 vos besoins.<\/p>\n<\/div><\/section><\/p><\/div><\/div><!--close column table wrapper. Autoclose: 1 --><div class='flex_column_table av-equal-height-column-flextable' ><div class='av-flex-placeholder'><\/div><div class=\"flex_column av_one_fourth  flex_column_table_cell av-equal-height-column av-align-middle av-zero-column-padding   \" style='border-radius:0px; '><div class='avia-image-container  av-styling-   avia-align-center '  itemscope=\"itemscope\" itemtype=\"https:\/\/schema.org\/ImageObject\"  ><div class='avia-image-container-inner'><a href='https:\/\/www.pompezanni.it\/fr\/devis\/' class='avia_image'  ><img class='avia_image ' src='https:\/\/www.pompezanni.it\/wp-content\/uploads\/2018\/06\/BUTTON-CTA-FRA.png' alt='demandez un devis' title='demandez un devis'  itemprop=\"thumbnailUrl\"  \/><\/a><\/div><\/div><\/div><\/div><!--close column table wrapper. Autoclose: 1 -->\n\n<\/div><\/div><\/div><!-- close content main div --><\/div><\/div><div id='av_section_5' class='avia-section main_color avia-section-no-padding avia-no-border-styling avia-full-stretch avia-bg-style-scroll  av-minimum-height av-minimum-height-custom container_wrap fullsize' style = 'background-repeat: no-repeat; background-image: url(https:\/\/www.pompezanni.it\/wp-content\/uploads\/2018\/02\/IMG_PROD.jpg); background-attachment: scroll; background-position: center center; ' data-section-bg-repeat='stretch' ><div class='container' style='height:400px'><div class='template-page content  av-content-full alpha units'><div class='post-entry post-entry-type-page post-entry-26336'><div class='entry-content-wrapper clearfix'>\n","protected":false},"excerpt":{"rendered":"","protected":false},"author":1,"featured_media":0,"parent":26235,"menu_order":70,"comment_status":"open","ping_status":"closed","template":"","meta":{"_acf_changed":false,"footnotes":""},"class_list":["post-26336","page","type-page","status-publish","hentry"],"acf":[],"_links":{"self":[{"href":"https:\/\/www.pompezanni.it\/fr\/wp-json\/wp\/v2\/pages\/26336","targetHints":{"allow":["GET"]}}],"collection":[{"href":"https:\/\/www.pompezanni.it\/fr\/wp-json\/wp\/v2\/pages"}],"about":[{"href":"https:\/\/www.pompezanni.it\/fr\/wp-json\/wp\/v2\/types\/page"}],"author":[{"embeddable":true,"href":"https:\/\/www.pompezanni.it\/fr\/wp-json\/wp\/v2\/users\/1"}],"replies":[{"embeddable":true,"href":"https:\/\/www.pompezanni.it\/fr\/wp-json\/wp\/v2\/comments?post=26336"}],"version-history":[{"count":0,"href":"https:\/\/www.pompezanni.it\/fr\/wp-json\/wp\/v2\/pages\/26336\/revisions"}],"up":[{"embeddable":true,"href":"https:\/\/www.pompezanni.it\/fr\/wp-json\/wp\/v2\/pages\/26235"}],"wp:attachment":[{"href":"https:\/\/www.pompezanni.it\/fr\/wp-json\/wp\/v2\/media?parent=26336"}],"curies":[{"name":"wp","href":"https:\/\/api.w.org\/{rel}","templated":true}]}}