{"id":26259,"date":"2018-06-25T16:28:55","date_gmt":"2018-06-25T14:28:55","guid":{"rendered":"https:\/\/www.pompezanni.it\/?page_id=26259"},"modified":"2018-06-27T16:43:10","modified_gmt":"2018-06-27T14:43:10","slug":"devis","status":"publish","type":"page","link":"https:\/\/www.pompezanni.it\/fr\/devis\/","title":{"rendered":"Devis"},"content":{"rendered":"<div id='layer_slider_1' class='avia-layerslider main_color avia-shadow  container_wrap fullsize'    style='height: 201px;' ><\/div>\n<\/div><\/div><\/div><!-- close content main div --><\/div><\/div><div id='av_section_1' class='avia-section main_color avia-section-default avia-no-border-styling avia-bg-style-scroll  container_wrap fullsize'   ><div class='container' ><div class='template-page content  av-content-full alpha units'><div class='post-entry post-entry-type-page post-entry-26259'><div class='entry-content-wrapper clearfix'>\n<div class=\"flex_column av_one_half  flex_column_div av-zero-column-padding first  \" style='border-radius:0px; '><section class=\"av_textblock_section\"  itemscope=\"itemscope\" itemtype=\"https:\/\/schema.org\/CreativeWork\" ><div class='avia_textblock '   itemprop=\"text\" ><h2>Le configurateur sera bient\u00f4t disponible pour vous offrir la pompe la plus adapt\u00e9e \u00e0 vos besoins.<\/h2>\n<\/div><\/section><br \/>\n<div style='height:20px' class='hr hr-invisible '><span class='hr-inner ' ><span class='hr-inner-style'><\/span><\/span><\/div><br \/>\n<section class=\"av_textblock_section\"  itemscope=\"itemscope\" itemtype=\"https:\/\/schema.org\/CreativeWork\" ><div class='avia_textblock '   itemprop=\"text\" ><h3>En attendant, vous pouvez toujours nous envoyer votre demande en remplissant le formulaire.<\/h3>\n<\/div><\/section><\/p><\/div><div class=\"flex_column av_one_half  flex_column_div av-zero-column-padding   \" style='border-radius:0px; '><section class=\"avia_codeblock_section avia_code_block_0\"  itemscope=\"itemscope\" itemtype=\"https:\/\/schema.org\/CreativeWork\" ><div class='avia_codeblock '  itemprop=\"text\" > [avia_codeblock_placeholder uid=\"0\"] <\/div><\/section><\/div>\n","protected":false},"excerpt":{"rendered":"","protected":false},"author":1,"featured_media":0,"parent":0,"menu_order":0,"comment_status":"closed","ping_status":"closed","template":"template-configuratore.php","meta":{"_acf_changed":false,"footnotes":""},"class_list":["post-26259","page","type-page","status-publish","hentry"],"acf":[],"_links":{"self":[{"href":"https:\/\/www.pompezanni.it\/fr\/wp-json\/wp\/v2\/pages\/26259","targetHints":{"allow":["GET"]}}],"collection":[{"href":"https:\/\/www.pompezanni.it\/fr\/wp-json\/wp\/v2\/pages"}],"about":[{"href":"https:\/\/www.pompezanni.it\/fr\/wp-json\/wp\/v2\/types\/page"}],"author":[{"embeddable":true,"href":"https:\/\/www.pompezanni.it\/fr\/wp-json\/wp\/v2\/users\/1"}],"replies":[{"embeddable":true,"href":"https:\/\/www.pompezanni.it\/fr\/wp-json\/wp\/v2\/comments?post=26259"}],"version-history":[{"count":0,"href":"https:\/\/www.pompezanni.it\/fr\/wp-json\/wp\/v2\/pages\/26259\/revisions"}],"wp:attachment":[{"href":"https:\/\/www.pompezanni.it\/fr\/wp-json\/wp\/v2\/media?parent=26259"}],"curies":[{"name":"wp","href":"https:\/\/api.w.org\/{rel}","templated":true}]}}