{"id":25662,"date":"2018-06-19T16:35:35","date_gmt":"2018-06-19T14:35:35","guid":{"rendered":"https:\/\/www.pompezanni.it\/?page_id=25662"},"modified":"2018-06-21T17:38:42","modified_gmt":"2018-06-21T15:38:42","slug":"sectores","status":"publish","type":"page","link":"https:\/\/www.pompezanni.it\/es\/sectores\/","title":{"rendered":"SECTORES"},"content":{"rendered":"<div id='layer_slider_1' class='avia-layerslider main_color avia-shadow  container_wrap fullsize'    style='height: 201px;' ><\/div>\n<\/div><\/div><\/div><!-- close content main div --><\/div><\/div><div id='av_section_1' class='avia-section main_color avia-section-default avia-no-border-styling avia-bg-style-scroll  container_wrap fullsize' style = 'background-color: #333037; '  ><div class='container' ><div class='template-page content  av-content-full alpha units'><div class='post-entry post-entry-type-page post-entry-25662'><div class='entry-content-wrapper clearfix'>\n<div class=\"flex_column av_one_fourth  flex_column_div av-zero-column-padding first  \" style='border-radius:0px; '><section class=\"avia_codeblock_section avia_code_block_0\"  itemscope=\"itemscope\" itemtype=\"https:\/\/schema.org\/CreativeWork\" ><div class='avia_codeblock '  itemprop=\"text\" > [avia_codeblock_placeholder uid=\"0\"] <\/div><\/section><\/div><div class=\"flex_column av_one_fourth  flex_column_div av-zero-column-padding   \" style='border-radius:0px; '><section class=\"avia_codeblock_section avia_code_block_1\"  itemscope=\"itemscope\" itemtype=\"https:\/\/schema.org\/CreativeWork\" ><div class='avia_codeblock '  itemprop=\"text\" > [avia_codeblock_placeholder uid=\"1\"] <\/div><\/section><\/div><div class=\"flex_column av_one_fourth  flex_column_div av-zero-column-padding   \" style='border-radius:0px; '><section class=\"avia_codeblock_section avia_code_block_2\"  itemscope=\"itemscope\" itemtype=\"https:\/\/schema.org\/CreativeWork\" ><div class='avia_codeblock '  itemprop=\"text\" > [avia_codeblock_placeholder uid=\"2\"] <\/div><\/section><\/div><div class=\"flex_column av_one_fourth  flex_column_div av-zero-column-padding   \" style='border-radius:0px; '><section class=\"avia_codeblock_section avia_code_block_3\"  itemscope=\"itemscope\" itemtype=\"https:\/\/schema.org\/CreativeWork\" ><div class='avia_codeblock '  itemprop=\"text\" > [avia_codeblock_placeholder uid=\"3\"] <\/div><\/section><\/div>\n\n<\/div><\/div><\/div><!-- close content main div --><\/div><\/div><div id='av_section_2' class='avia-section main_color avia-section-default avia-no-shadow avia-bg-style-scroll  container_wrap fullsize'   ><div class='container' ><div class='template-page content  av-content-full alpha units'><div class='post-entry post-entry-type-page post-entry-25662'><div class='entry-content-wrapper clearfix'>\n<div class=\"flex_column av_one_full  flex_column_div av-zero-column-padding first  \" style='border-radius:0px; '><div style='padding-bottom:0px;' class='av-special-heading av-special-heading-h2  blockquote modern-quote modern-centered '><h2 class='av-special-heading-tag'  itemprop=\"headline\"  >Pompe Zanni, desde 1964.<\/h2><div class='special-heading-border'><div class='special-heading-inner-border' ><\/div><\/div><\/div><\/div><div class=\"flex_column av_one_full  flex_column_div av-zero-column-padding first  \" style='border-radius:0px; '><section class=\"av_textblock_section\"  itemscope=\"itemscope\" itemtype=\"https:\/\/schema.org\/CreativeWork\" ><div class='avia_textblock '  style='font-size:18px; '  itemprop=\"text\" ><p>Para satisfacer los diversos requisitos y exigencias de sus clientes, <strong>Pompe Zanni<\/strong> se ha especializado en la <strong>producci\u00f3n de una amplia gama de productos<\/strong>.<\/p>\n<p>Gracias a la variedad de bombas ofrecidas, <strong>Pompe Zanni<\/strong> sabe encontrar la aplicaci\u00f3n adecuada en diferentes situaciones y sectores de aplicaci\u00f3n, incluso en el caso de requisitos espec\u00edficos que requieren un <strong>an\u00e1lisis preliminar detallado<\/strong>.<\/p>\n<\/div><\/section><\/div>\n\n<\/div><\/div><\/div><!-- close content main div --><\/div><\/div><div id='av_section_3' class='avia-section main_color avia-section-default avia-no-border-styling avia-bg-style-scroll  container_wrap fullsize' style = 'background-color: #333037; background-repeat: no-repeat; background-image: url(https:\/\/www.pompezanni.it\/wp-content\/uploads\/2018\/02\/CTA_BG_SINGLE.png); background-attachment: scroll; background-position: center center; ' data-section-bg-repeat='no-repeat' ><div class='container' ><div class='template-page content  av-content-full alpha units'><div class='post-entry post-entry-type-page post-entry-25662'><div class='entry-content-wrapper clearfix'>\n<section class=\"av_textblock_section\"  itemscope=\"itemscope\" itemtype=\"https:\/\/schema.org\/CreativeWork\" ><div class='avia_textblock  av_inherit_color'  style='color:#ffffff; '  itemprop=\"text\" ><h2 style=\"text-align: center;\">Nuestros clientes pueden contar con el soporte de nuestros equipos cuya alt\u00edsima profesionalidad nace de su experiencia y actualizaci\u00f3n tecnol\u00f3gica constante.<\/h2>\n<\/div><\/section>\n\n<\/div><\/div><\/div><!-- close content main div --><\/div><\/div><div id='civile' class='avia-section main_color avia-section-default avia-no-border-styling avia-bg-style-scroll  container_wrap fullsize' style = 'background-color: #e8e8e8; '  ><div class='container' ><div class='template-page content  av-content-full alpha units'><div class='post-entry post-entry-type-page post-entry-25662'><div class='entry-content-wrapper clearfix'>\n<section class=\"av_textblock_section\"  itemscope=\"itemscope\" itemtype=\"https:\/\/schema.org\/CreativeWork\" ><div class='avia_textblock '   itemprop=\"text\" ><h1 style=\"text-align: center;\">CIVIL<\/h1>\n<\/div><\/section>\n<div style=' margin-top:10px; margin-bottom:15px;'  class='hr hr-custom hr-center hr-icon-no '><span class='hr-inner   inner-border-av-border-fat' style=' width:100%; border-color:#ffffff;' ><span class='hr-inner-style'><\/span><\/span><\/div>\n<div class=\"flex_column av_one_half  flex_column_div av-zero-column-padding first  \" style='border-radius:0px; '><section class=\"av_textblock_section\"  itemscope=\"itemscope\" itemtype=\"https:\/\/schema.org\/CreativeWork\" ><div class='avia_textblock '  style='font-size:18px; '  itemprop=\"text\" ><p>Los campos de aplicaci\u00f3n de las bombas Zanni dentro del sector civil pueden ser varios, en particular:<\/p>\n<ul>\n<li><strong>Elevaci\u00f3n de aguas de uso dom\u00e9stico; <\/strong><\/li>\n<li><strong>Paso inferior ferroviario;<\/strong><\/li>\n<li><strong>Paso inferior de carretera;<\/strong><\/li>\n<li><strong>Metro;<\/strong><\/li>\n<li><strong>Nieve artificial;<\/strong><\/li>\n<li><strong>Instalaciones antincendios. <\/strong><\/li>\n<\/ul>\n<\/div><\/section><\/div><div class=\"flex_column av_one_half  avia-full-stretch flex_column_div av-zero-column-padding   \" style='border-radius:0px; '><div class='avia-image-container  av-styling-   avia-align-center '  itemscope=\"itemscope\" itemtype=\"https:\/\/schema.org\/ImageObject\"  ><div class='avia-image-container-inner'><img class='avia_image ' src='https:\/\/www.pompezanni.it\/wp-content\/uploads\/2018\/03\/02.jpg' alt='' title='02'   itemprop=\"thumbnailUrl\"  \/><\/div><\/div><\/div>\n\n<div style='height:20px' class='hr hr-invisible '><span class='hr-inner ' ><span class='hr-inner-style'><\/span><\/span><\/div>\n<\/div><\/div><\/div><!-- close content main div --><\/div><\/div><div id='industriale' class='avia-section main_color avia-section-default avia-no-border-styling avia-bg-style-scroll  container_wrap fullsize' style = 'background-color: #ebeff1; '  ><div class='container' ><div class='template-page content  av-content-full alpha units'><div class='post-entry post-entry-type-page post-entry-25662'><div class='entry-content-wrapper clearfix'>\n<section class=\"av_textblock_section\"  itemscope=\"itemscope\" itemtype=\"https:\/\/schema.org\/CreativeWork\" ><div class='avia_textblock '   itemprop=\"text\" ><h1 style=\"text-align: center;\">INDUSTRIAL<\/h1>\n<\/div><\/section>\n<div style=' margin-top:10px; margin-bottom:15px;'  class='hr hr-custom hr-center hr-icon-no '><span class='hr-inner   inner-border-av-border-fat' style=' width:100%; border-color:#ffffff;' ><span class='hr-inner-style'><\/span><\/span><\/div>\n<div class=\"flex_column av_one_half  avia-full-stretch flex_column_div av-zero-column-padding first  \" style='border-radius:0px; '><div class='avia-image-container  av-styling-   avia-align-center '  itemscope=\"itemscope\" itemtype=\"https:\/\/schema.org\/ImageObject\"  ><div class='avia-image-container-inner'><img class='avia_image ' src='https:\/\/www.pompezanni.it\/wp-content\/uploads\/2018\/03\/01.jpg' alt='' title='01'   itemprop=\"thumbnailUrl\"  \/><\/div><\/div><\/div><div class=\"flex_column av_one_half  flex_column_div av-zero-column-padding   \" style='border-radius:0px; '><section class=\"av_textblock_section\"  itemscope=\"itemscope\" itemtype=\"https:\/\/schema.org\/CreativeWork\" ><div class='avia_textblock '  style='font-size:18px; '  itemprop=\"text\" ><p>Pompe Zanni fabrica bombas para el sector industrial, con diferentes usos:<\/p>\n<ul>\n<li><strong>Transporte de aguas depuradas; <\/strong><\/li>\n<li><strong>Desalinizaci\u00f3n del agua marina;<\/strong><\/li>\n<li><strong>Limpieza de conductos de petr\u00f3leo y gas;<\/strong><\/li>\n<li><strong>Extracci\u00f3n de sal desde embalses artificiales; <\/strong><\/li>\n<li><strong>Instalaciones de drenaje de minas.<\/strong><\/li>\n<\/ul>\n<\/div><\/section><\/div>\n\n<div style='height:20px' class='hr hr-invisible '><span class='hr-inner ' ><span class='hr-inner-style'><\/span><\/span><\/div>\n<\/div><\/div><\/div><!-- close content main div --><\/div><\/div><div id='av_section_6' class='avia-section main_color avia-section-small avia-no-border-styling avia-bg-style-scroll  container_wrap fullsize' style = 'background-color: #333037; background-repeat: no-repeat; background-image: url(https:\/\/www.pompezanni.it\/wp-content\/uploads\/2018\/02\/IMG_CTA_SMALL-1.png); background-attachment: scroll; background-position: center center; ' data-section-bg-repeat='no-repeat' ><div class='container' ><div class='template-page content  av-content-full alpha units'><div class='post-entry post-entry-type-page post-entry-25662'><div class='entry-content-wrapper clearfix'>\n<div class='flex_column_table av-equal-height-column-flextable' ><div class=\"flex_column av_three_fourth  flex_column_table_cell av-equal-height-column av-align-middle av-zero-column-padding first  \" style='border-radius:0px; '><p><div style='padding-bottom:0px;color:#ffffff;' class='av-special-heading av-special-heading-h2 custom-color-heading blockquote modern-quote  '><h2 class='av-special-heading-tag'  itemprop=\"headline\"  >\u00bfCUALES SON SUS NECESIDADES? <\/h2><div class='special-heading-border'><div class='special-heading-inner-border' style='border-color:#ffffff'><\/div><\/div><\/div><br \/>\n<section class=\"av_textblock_section\"  itemscope=\"itemscope\" itemtype=\"https:\/\/schema.org\/CreativeWork\" ><div class='avia_textblock  av_inherit_color'  style='font-size:18px; color:#ffffff; '  itemprop=\"text\" ><p><strong style=\"color: #ffffff;\">\u00bfCaudal? Altura? Potencia? Conteste nuestro breve cuestionario gratuito.<\/strong><br \/>\nCon unas pocas preguntas podremos indicarle el tipo de bomba m\u00e1s adecuada para sus exigencias.<\/p>\n<\/div><\/section><\/p><\/div><\/div><!--close column table wrapper. Autoclose: 1 --><div class='flex_column_table av-equal-height-column-flextable' ><div class='av-flex-placeholder'><\/div><div class=\"flex_column av_one_fourth  flex_column_table_cell av-equal-height-column av-align-middle av-zero-column-padding   \" style='border-radius:0px; '><div class='avia-image-container  av-styling-   avia-align-center '  itemscope=\"itemscope\" itemtype=\"https:\/\/schema.org\/ImageObject\"  ><div class='avia-image-container-inner'><a href='https:\/\/www.pompezanni.it\/es\/configurador\/' class='avia_image'  ><img class='avia_image ' src='https:\/\/www.pompezanni.it\/wp-content\/uploads\/2018\/06\/BUTTON-CTA-ESP.png' alt='prepuesto' title='prepuesto'  itemprop=\"thumbnailUrl\"  \/><\/a><\/div><\/div><\/div><\/div><!--close column table wrapper. Autoclose: 1 -->\n\n<div style='height:20px' class='hr hr-invisible '><span class='hr-inner ' ><span class='hr-inner-style'><\/span><\/span><\/div>\n<\/div><\/div><\/div><!-- close content main div --><\/div><\/div><div id='agricoltura' class='avia-section main_color avia-section-default avia-no-border-styling avia-bg-style-scroll  container_wrap fullsize' style = 'background-color: #ebeff1; '  ><div class='container' ><div class='template-page content  av-content-full alpha units'><div class='post-entry post-entry-type-page post-entry-25662'><div class='entry-content-wrapper clearfix'>\n<section class=\"av_textblock_section\"  itemscope=\"itemscope\" itemtype=\"https:\/\/schema.org\/CreativeWork\" ><div class='avia_textblock '   itemprop=\"text\" ><h1 style=\"text-align: center;\">AGRICULTURA<\/h1>\n<\/div><\/section>\n<div style=' margin-top:10px; margin-bottom:15px;'  class='hr hr-custom hr-center hr-icon-no '><span class='hr-inner   inner-border-av-border-fat' style=' width:100%; border-color:#ffffff;' ><span class='hr-inner-style'><\/span><\/span><\/div>\n<div class=\"flex_column av_one_half  flex_column_div av-zero-column-padding first  \" style='border-radius:0px; '><section class=\"av_textblock_section\"  itemscope=\"itemscope\" itemtype=\"https:\/\/schema.org\/CreativeWork\" ><div class='avia_textblock '  style='font-size:18px; '  itemprop=\"text\" ><p>Las aplicaciones de las bombas de Pompe Zanni en el sector agr\u00edcola son numerosas, entre las que podemos encontrar:<\/p>\n<ul>\n<li><strong>Instalaciones de goteo;<\/strong><\/li>\n<li><strong>Instalaciones de riego con enrolladores \/ aspersores; <\/strong><\/li>\n<li><strong>Instalaciones de riego por inundaci\u00f3n; <\/strong><\/li>\n<li><strong>Instalaciones antihelada. <\/strong><\/li>\n<\/ul>\n<\/div><\/section><\/div><div class=\"flex_column av_one_half  avia-full-stretch flex_column_div av-zero-column-padding   \" style='background-image:url(https:\/\/www.pompezanni.it\/wp-content\/uploads\/2018\/02\/IMG_HOME.jpg); background-position:top left; background-repeat:no-repeat; border-radius:0px; '><div class='avia-image-container  av-styling-   avia-align-center '  itemscope=\"itemscope\" itemtype=\"https:\/\/schema.org\/ImageObject\"  ><div class='avia-image-container-inner'><img class='avia_image ' src='https:\/\/www.pompezanni.it\/wp-content\/uploads\/2018\/03\/04.jpg' alt='' title='04'   itemprop=\"thumbnailUrl\"  \/><\/div><\/div><\/div>\n\n<div style='height:20px' class='hr hr-invisible '><span class='hr-inner ' ><span class='hr-inner-style'><\/span><\/span><\/div>\n<\/div><\/div><\/div><!-- close content main div --><\/div><\/div><div id='acquedotti' class='avia-section main_color avia-section-default avia-no-border-styling avia-bg-style-scroll  container_wrap fullsize' style = 'background-color: #ebeff1; '  ><div class='container' ><div class='template-page content  av-content-full alpha units'><div class='post-entry post-entry-type-page post-entry-25662'><div class='entry-content-wrapper clearfix'>\n<section class=\"av_textblock_section\"  itemscope=\"itemscope\" itemtype=\"https:\/\/schema.org\/CreativeWork\" ><div class='avia_textblock '   itemprop=\"text\" ><h1 style=\"text-align: center;\">ACUEDUCTOS<\/h1>\n<\/div><\/section>\n<div style=' margin-top:10px; margin-bottom:15px;'  class='hr hr-custom hr-center hr-icon-no '><span class='hr-inner   inner-border-av-border-fat' style=' width:100%; border-color:#ffffff;' ><span class='hr-inner-style'><\/span><\/span><\/div>\n<div class=\"flex_column av_one_half  avia-full-stretch flex_column_div av-zero-column-padding first  \" style='background-image:url(https:\/\/www.pompezanni.it\/wp-content\/uploads\/2018\/02\/IMG_HOME.jpg); background-position:top left; background-repeat:no-repeat; border-radius:0px; '><div class='avia-image-container  av-styling-   avia-align-center '  itemscope=\"itemscope\" itemtype=\"https:\/\/schema.org\/ImageObject\"  ><div class='avia-image-container-inner'><img class='avia_image ' src='https:\/\/www.pompezanni.it\/wp-content\/uploads\/2018\/04\/ACQUEDOTTI.jpg' alt='' title='ACQUEDOTTI'   itemprop=\"thumbnailUrl\"  \/><\/div><\/div><\/div><div class=\"flex_column av_one_half  flex_column_div av-zero-column-padding   \" style='border-radius:0px; '><section class=\"av_textblock_section\"  itemscope=\"itemscope\" itemtype=\"https:\/\/schema.org\/CreativeWork\" ><div class='avia_textblock '  style='font-size:18px; '  itemprop=\"text\" ><p>En el sector de los acueductos, las bombas de Pompe Zanni se utilizan para desempe\u00f1ar funciones importantes, por ejemplo en:<\/p>\n<ul>\n<li><strong>Estaciones de bombeo;<\/strong><\/li>\n<li><strong>Acueductos; <\/strong><\/li>\n<li><strong>Estaciones de presurizaci\u00f3n.<\/strong><\/li>\n<\/ul>\n<\/div><\/section><\/div>\n\n<div style='height:20px' class='hr hr-invisible '><span class='hr-inner ' ><span class='hr-inner-style'><\/span><\/span><\/div>\n<\/div><\/div><\/div><!-- close content main div --><\/div><\/div><div id='av_section_9' class='avia-section main_color avia-section-default avia-no-border-styling avia-full-stretch avia-bg-style-scroll  av-minimum-height av-minimum-height-custom container_wrap fullsize' style = 'background-repeat: no-repeat; background-image: url(https:\/\/www.pompezanni.it\/wp-content\/uploads\/2018\/02\/BG_SEPARATORE.jpg); background-attachment: scroll; background-position: center center; ' data-section-bg-repeat='stretch' ><div class='container' style='height:400px'><div class='template-page content  av-content-full alpha units'><div class='post-entry post-entry-type-page post-entry-25662'><div class='entry-content-wrapper clearfix'>\n","protected":false},"excerpt":{"rendered":"","protected":false},"author":1,"featured_media":0,"parent":0,"menu_order":0,"comment_status":"open","ping_status":"closed","template":"","meta":{"_acf_changed":false,"footnotes":""},"class_list":["post-25662","page","type-page","status-publish","hentry"],"acf":[],"_links":{"self":[{"href":"https:\/\/www.pompezanni.it\/es\/wp-json\/wp\/v2\/pages\/25662","targetHints":{"allow":["GET"]}}],"collection":[{"href":"https:\/\/www.pompezanni.it\/es\/wp-json\/wp\/v2\/pages"}],"about":[{"href":"https:\/\/www.pompezanni.it\/es\/wp-json\/wp\/v2\/types\/page"}],"author":[{"embeddable":true,"href":"https:\/\/www.pompezanni.it\/es\/wp-json\/wp\/v2\/users\/1"}],"replies":[{"embeddable":true,"href":"https:\/\/www.pompezanni.it\/es\/wp-json\/wp\/v2\/comments?post=25662"}],"version-history":[{"count":0,"href":"https:\/\/www.pompezanni.it\/es\/wp-json\/wp\/v2\/pages\/25662\/revisions"}],"wp:attachment":[{"href":"https:\/\/www.pompezanni.it\/es\/wp-json\/wp\/v2\/media?parent=25662"}],"curies":[{"name":"wp","href":"https:\/\/api.w.org\/{rel}","templated":true}]}}