{"id":25655,"date":"2018-06-19T16:30:02","date_gmt":"2018-06-19T14:30:02","guid":{"rendered":"https:\/\/www.pompezanni.it\/?page_id=25655"},"modified":"2021-08-26T12:54:42","modified_gmt":"2021-08-26T10:54:42","slug":"bombas-de-eje-vertical-semiaxiales-22","status":"publish","type":"page","link":"https:\/\/www.pompezanni.it\/es\/bombas-verticales\/bombas-de-eje-vertical-semiaxiales-22\/","title":{"rendered":"BOMBAS DE EJE VERTICAL SEMIAXIALES 22\u201d"},"content":{"rendered":"<\/div><\/div><\/div><!-- close content main div --><\/div><\/div><div id='testata-pagina-prodotto' class='avia-section main_color avia-section-default avia-no-border-styling av-parallax-section avia-bg-style-parallax  container_wrap fullsize'  data-section-bg-repeat='no-repeat' ><div class='av-parallax' data-avia-parallax-ratio='0.3' ><div class='av-parallax-inner main_color  avia-full-stretch' style = 'background-repeat: no-repeat; background-image: url(https:\/\/www.pompezanni.it\/wp-content\/uploads\/2018\/04\/SFONDO-ASSE-VERTICALE.jpg); background-attachment: scroll; background-position: center center; ' ><\/div><\/div><div class='container' ><div class='template-page content  av-content-full alpha units'><div class='post-entry post-entry-type-page post-entry-25655'><div class='entry-content-wrapper clearfix'>\n<section class=\"av_textblock_section\"  itemscope=\"itemscope\" itemtype=\"https:\/\/schema.org\/CreativeWork\" ><div class='avia_textblock '   itemprop=\"text\" ><h1 style=\"text-align: center;\">BOMBAS DE EJE VERTICAL SEMIAXIALES 22\u201d<\/h1>\n<\/div><\/section>\n\n<\/div><\/div><\/div><!-- close content main div --><\/div><\/div><div id='menu-categorie-pompe' class='avia-section main_color avia-section-default avia-no-border-styling avia-bg-style-scroll  container_wrap fullsize' style = 'background-color: #333037; '  ><div class='container' ><div class='template-page content  av-content-full alpha units'><div class='post-entry post-entry-type-page post-entry-25655'><div class='entry-content-wrapper clearfix'>\n<div class='flex_column_table av-equal-height-column-flextable' ><div class=\"flex_column av_one_fifth  flex_column_table_cell av-equal-height-column av-align-bottom av-zero-column-padding first  \" style='border-radius:0px; '><section class=\"avia_codeblock_section avia_code_block_0\"  itemscope=\"itemscope\" itemtype=\"https:\/\/schema.org\/CreativeWork\" ><div class='avia_codeblock '  itemprop=\"text\" > [avia_codeblock_placeholder uid=\"0\"] <\/div><\/section><\/div><\/div><!--close column table wrapper. Autoclose: 1 --><div class='flex_column_table av-equal-height-column-flextable' ><div class='av-flex-placeholder'><\/div><div class=\"flex_column av_one_fifth  flex_column_table_cell av-equal-height-column av-align-bottom av-zero-column-padding   \" style='border-radius:0px; '><section class=\"avia_codeblock_section avia_code_block_1\"  itemscope=\"itemscope\" itemtype=\"https:\/\/schema.org\/CreativeWork\" ><div class='avia_codeblock '  itemprop=\"text\" > [avia_codeblock_placeholder uid=\"1\"] <\/div><\/section><\/div><\/div><!--close column table wrapper. Autoclose: 1 --><div class='flex_column_table av-equal-height-column-flextable' ><div class='av-flex-placeholder'><\/div><div class=\"flex_column av_one_fifth  flex_column_table_cell av-equal-height-column av-align-bottom av-zero-column-padding   \" style='border-radius:0px; '><section class=\"avia_codeblock_section avia_code_block_2\"  itemscope=\"itemscope\" itemtype=\"https:\/\/schema.org\/CreativeWork\" ><div class='avia_codeblock '  itemprop=\"text\" > [avia_codeblock_placeholder uid=\"2\"] <\/div><\/section><\/div><\/div><!--close column table wrapper. Autoclose: 1 --><div class='flex_column_table av-equal-height-column-flextable' ><div class='av-flex-placeholder'><\/div><div class=\"flex_column av_one_fifth  flex_column_table_cell av-equal-height-column av-align-bottom av-zero-column-padding   \" style='border-radius:0px; '><section class=\"avia_codeblock_section avia_code_block_3\"  itemscope=\"itemscope\" itemtype=\"https:\/\/schema.org\/CreativeWork\" ><div class='avia_codeblock '  itemprop=\"text\" > [avia_codeblock_placeholder uid=\"3\"] <\/div><\/section><\/div><\/div><!--close column table wrapper. Autoclose: 1 --><div class='flex_column_table av-equal-height-column-flextable' ><div class='av-flex-placeholder'><\/div><div class=\"flex_column av_one_fifth  flex_column_table_cell av-equal-height-column av-align-bottom av-zero-column-padding   \" style='border-radius:0px; '><section class=\"avia_codeblock_section avia_code_block_4\"  itemscope=\"itemscope\" itemtype=\"https:\/\/schema.org\/CreativeWork\" ><div class='avia_codeblock '  itemprop=\"text\" > [avia_codeblock_placeholder uid=\"4\"] <\/div><\/section><\/div><\/div><!--close column table wrapper. Autoclose: 1 -->\n\n<\/div><\/div><\/div><!-- close content main div --><\/div><\/div><div id='av_section_3' class='avia-section main_color avia-section-default avia-no-border-styling avia-bg-style-scroll  container_wrap fullsize'   ><div class='container' ><div class='template-page content  av-content-full alpha units'><div class='post-entry post-entry-type-page post-entry-25655'><div class='entry-content-wrapper clearfix'>\n<div class='flex_column_table av-equal-height-column-flextable' ><div class=\"flex_column av_one_half  flex_column_table_cell av-equal-height-column av-align-top av-zero-column-padding first  \" style='border-radius:0px; '><p><div class='avia-image-container  av-styling-   avia-align-center '  itemscope=\"itemscope\" itemtype=\"https:\/\/schema.org\/ImageObject\"  ><div class='avia-image-container-inner'><img class='avia_image ' src='https:\/\/www.pompezanni.it\/wp-content\/uploads\/2018\/05\/foto-pompe-verticali-gruppo.jpg' alt='pompe verticali prodotte da Pompe Zanni' title=''   itemprop=\"thumbnailUrl\"  \/><\/div><\/div><br \/>\n<div style=' margin-top:20px; margin-bottom:20px;'  class='hr hr-custom hr-left hr-icon-no '><span class='hr-inner   inner-border-av-border-fat' style=' width:100%; border-color:#ffffff;' ><span class='hr-inner-style'><\/span><\/span><\/div><br \/>\n<div class='avia-gallery avia-gallery-1 avia_lazyload avia_animate_when_visible '  itemscope=\"itemscope\" itemtype=\"https:\/\/schema.org\/ImageObject\" ><div class='avia-gallery-thumb'> <a href='https:\/\/www.pompezanni.it\/wp-content\/uploads\/2018\/05\/foto-pompe-verticali-01.jpg' data-rel='gallery-1' data-prev-img='https:\/\/www.pompezanni.it\/wp-content\/uploads\/2018\/05\/foto-pompe-verticali-01.jpg' class='first_thumb lightbox ' data-onclick='1' title=''  itemprop=\"thumbnailUrl\" ><img  src='https:\/\/www.pompezanni.it\/wp-content\/uploads\/2018\/05\/foto-pompe-verticali-01.jpg' width='600' height='450'  title='' alt='dettaglio su pompa verticale di pompe zanni' \/><\/a> <a href='https:\/\/www.pompezanni.it\/wp-content\/uploads\/2018\/04\/TESTATA_ELETTRICA.jpg' data-rel='gallery-1' data-prev-img='https:\/\/www.pompezanni.it\/wp-content\/uploads\/2018\/04\/TESTATA_ELETTRICA-495x400.jpg' class='lightbox ' data-onclick='2' title=''  itemprop=\"thumbnailUrl\" ><img  src='https:\/\/www.pompezanni.it\/wp-content\/uploads\/2018\/04\/TESTATA_ELETTRICA-495x400.jpg' width='495' height='400'  title='pompa centrifuga ad asse verticale' alt='' \/><\/a> <a href='https:\/\/www.pompezanni.it\/wp-content\/uploads\/2018\/04\/TESTATA_DIESEL.jpg' data-rel='gallery-1' data-prev-img='https:\/\/www.pompezanni.it\/wp-content\/uploads\/2018\/04\/TESTATA_DIESEL.jpg' class='lightbox ' data-onclick='3' title=''  itemprop=\"thumbnailUrl\" ><img  src='https:\/\/www.pompezanni.it\/wp-content\/uploads\/2018\/04\/TESTATA_DIESEL.jpg' width='600' height='450'  title='' alt='pompa verticale a diesel' \/><\/a> <a href='https:\/\/www.pompezanni.it\/wp-content\/uploads\/2018\/04\/CORPO_POMPA.jpg' data-rel='gallery-1' data-prev-img='https:\/\/www.pompezanni.it\/wp-content\/uploads\/2018\/04\/CORPO_POMPA.jpg' class='first_thumb lightbox ' data-onclick='4' title=''  itemprop=\"thumbnailUrl\" ><img  src='https:\/\/www.pompezanni.it\/wp-content\/uploads\/2018\/04\/CORPO_POMPA.jpg' width='600' height='450'  title='' alt='corpo pompa ad asse verticale' \/><\/a> <a href='https:\/\/www.pompezanni.it\/wp-content\/uploads\/2018\/04\/TUBO_POMPA.jpg' data-rel='gallery-1' data-prev-img='https:\/\/www.pompezanni.it\/wp-content\/uploads\/2018\/04\/TUBO_POMPA.jpg' class='lightbox ' data-onclick='5' title=''  itemprop=\"thumbnailUrl\" ><img  src='https:\/\/www.pompezanni.it\/wp-content\/uploads\/2018\/04\/TUBO_POMPA.jpg' width='600' height='450'  title='' alt='tubo pompa ad asse verticale' \/><\/a><\/div><\/div><\/p><\/div><\/div><!--close column table wrapper. Autoclose: 1 --><div class='flex_column_table av-equal-height-column-flextable' ><div class='av-flex-placeholder'><\/div><div class=\"flex_column av_one_half  flex_column_table_cell av-equal-height-column av-align-top av-zero-column-padding   \" style='border-radius:0px; '><p><div style='padding-bottom:0px;' class='av-special-heading av-special-heading-h2  blockquote modern-quote  '><div class ='av-subheading av-subheading_above ' style='font-size:15px;'><p>Bombas verticales<\/p>\n<\/div><h2 class='av-special-heading-tag'  itemprop=\"headline\"  >BOMBAS DE EJE VERTICAL SEMIAXIALES 22<span class='special_amp'>\u201d<\/span><\/h2><div class='special-heading-border'><div class='special-heading-inner-border' ><\/div><\/div><\/div><br \/>\n<div style='height:20px' class='hr hr-invisible '><span class='hr-inner ' ><span class='hr-inner-style'><\/span><\/span><\/div><br \/>\n<div class='avia-button-wrap avia-button-left '><a href='https:\/\/www.pompezanni.it\/es\/configurador\/' class='avia-button  avia-icon_select-no avia-color-custom avia-size-large avia-position-left '  style='background-color:#f45050; border-color:#f45050; color:#ffffff; ' ><span class='avia_iconbox_title' >SOLICITE SU PRESUPUESTO<\/span><\/a><\/div><br \/>\n<div style=' margin-top:20px; margin-bottom:20px;'  class='hr hr-custom hr-left hr-icon-no '><span class='hr-inner   inner-border-av-border-fat' style=' width:100%; border-color:#2e89c9;' ><span class='hr-inner-style'><\/span><\/span><\/div><br \/>\n<section class=\"av_textblock_section\"  itemscope=\"itemscope\" itemtype=\"https:\/\/schema.org\/CreativeWork\" ><div class='avia_textblock '  style='font-size:16px; '  itemprop=\"text\" ><h6 class=\"p1\"><strong><span class=\"s1\">DESCRIPCI\u00d3N<\/span><\/strong><\/h6>\n<ul>\n<li>Rendimiento hidr\u00e1ulico garantizado conforme a la normativa ISO9906-Grado 2- anexo A;<\/li>\n<li>El rendimiento hidr\u00e1ulico publicado no considera las perdidas hidr\u00e1ulicas en la v\u00e1lvula de fondo y en las l\u00edneas de eje;<\/li>\n<li>Contenido de s\u00f3lidos presentes admitidos en el l\u00edquido bombeado: 40g\/mc;<\/li>\n<li>Tiempo m\u00e1ximo de funcionamiento, con boca de impulsi\u00f3n cerrada: 4 minutos;<\/li>\n<li>Todos los componentes que entran en contacto con el l\u00edquido est\u00e1n disponibles en diferentes tipos de aleaciones de acero y bronce.<\/li>\n<\/ul>\n<\/div><\/section><br \/>\n<div style=' margin-top:20px; margin-bottom:20px;'  class='hr hr-custom hr-left hr-icon-no '><span class='hr-inner   inner-border-av-border-fat' style=' width:100%; border-color:#2e89c9;' ><span class='hr-inner-style'><\/span><\/span><\/div><br \/>\n<section class=\"av_textblock_section\"  itemscope=\"itemscope\" itemtype=\"https:\/\/schema.org\/CreativeWork\" ><div class='avia_textblock '  style='font-size:16px; '  itemprop=\"text\" ><h6 class=\"p1\"><strong><span class=\"s1\">USOS<\/span><\/strong><\/h6>\n<p>Las bombas centrifugas de eje vertical se utilizan en acueductos, instalaciones de riego, instalaciones industriales, estaciones de bombeo, instalaciones antincendios.<\/p>\n<\/div><\/section><br \/>\n<section class=\"av_textblock_section\"  itemscope=\"itemscope\" itemtype=\"https:\/\/schema.org\/CreativeWork\" ><div class='avia_textblock  av_inherit_color'  style='font-size:17px; color:#222222; '  itemprop=\"text\" ><p><img loading=\"lazy\" decoding=\"async\" class=\"alignnone wp-image-16764 size-full\" src=\"https:\/\/www.pompezanni.it\/wp-content\/uploads\/2018\/03\/50_IMPIANTI-ANTINCENDIO.png\" alt=\"\" width=\"50\" height=\"50\" srcset=\"https:\/\/www.pompezanni.it\/wp-content\/uploads\/2018\/03\/50_IMPIANTI-ANTINCENDIO.png 50w, https:\/\/www.pompezanni.it\/wp-content\/uploads\/2018\/03\/50_IMPIANTI-ANTINCENDIO-36x36.png 36w\" sizes=\"auto, (max-width: 50px) 100vw, 50px\" \/>\u00a0 \u00a0\u00a0<img loading=\"lazy\" decoding=\"async\" class=\"alignnone wp-image-16766 size-full\" src=\"https:\/\/www.pompezanni.it\/wp-content\/uploads\/2018\/03\/50_IMPIANTI-D\u2019IRRIGAZIONE.png\" alt=\"\" width=\"50\" height=\"50\" srcset=\"https:\/\/www.pompezanni.it\/wp-content\/uploads\/2018\/03\/50_IMPIANTI-D\u2019IRRIGAZIONE.png 50w, https:\/\/www.pompezanni.it\/wp-content\/uploads\/2018\/03\/50_IMPIANTI-D\u2019IRRIGAZIONE-36x36.png 36w\" sizes=\"auto, (max-width: 50px) 100vw, 50px\" \/>\u00a0 \u00a0\u00a0<img loading=\"lazy\" decoding=\"async\" class=\"alignnone wp-image-16768 size-full\" src=\"https:\/\/www.pompezanni.it\/wp-content\/uploads\/2018\/03\/50_IMPIANTI-INDUSTRIALI.png\" alt=\"\" width=\"50\" height=\"50\" srcset=\"https:\/\/www.pompezanni.it\/wp-content\/uploads\/2018\/03\/50_IMPIANTI-INDUSTRIALI.png 50w, https:\/\/www.pompezanni.it\/wp-content\/uploads\/2018\/03\/50_IMPIANTI-INDUSTRIALI-36x36.png 36w\" sizes=\"auto, (max-width: 50px) 100vw, 50px\" \/>\u00a0 \u00a0\u00a0<img loading=\"lazy\" decoding=\"async\" class=\"alignnone wp-image-16771 size-full\" src=\"https:\/\/www.pompezanni.it\/wp-content\/uploads\/2018\/03\/50_STAZIONI-DI-POMPAGGIO.png\" alt=\"\" width=\"50\" height=\"50\" srcset=\"https:\/\/www.pompezanni.it\/wp-content\/uploads\/2018\/03\/50_STAZIONI-DI-POMPAGGIO.png 50w, https:\/\/www.pompezanni.it\/wp-content\/uploads\/2018\/03\/50_STAZIONI-DI-POMPAGGIO-36x36.png 36w\" sizes=\"auto, (max-width: 50px) 100vw, 50px\" \/><\/p>\n<\/div><\/section><br \/>\n<div style=' margin-top:20px; margin-bottom:20px;'  class='hr hr-custom hr-left hr-icon-no '><span class='hr-inner   inner-border-av-border-fat' style=' width:100%; border-color:#2e89c9;' ><span class='hr-inner-style'><\/span><\/span><\/div><br \/>\n<section class=\"av_textblock_section\"  itemscope=\"itemscope\" itemtype=\"https:\/\/schema.org\/CreativeWork\" ><div class='avia_textblock '  style='font-size:16px; '  itemprop=\"text\" ><h6 class=\"p1\"><strong><span class=\"s1\">MATERIALES EST\u00c1NDAR<\/span><\/strong><\/h6>\n<p>Grupo de control de aleaci\u00f3n, tubo de acero barnizado o galvanizado, v\u00e1stago de transmisi\u00f3n de acero, cuerpo de la bomba de fundici\u00f3n, v\u00e1lvula de fondo de fundici\u00f3n, cesta de succi\u00f3n galvanizada.<\/p>\n<\/div><\/section><br \/>\n<div style=' margin-top:20px; margin-bottom:20px;'  class='hr hr-custom hr-left hr-icon-no '><span class='hr-inner   inner-border-av-border-fat' style=' width:100%; border-color:#2e89c9;' ><span class='hr-inner-style'><\/span><\/span><\/div><br \/>\n<section class=\"av_textblock_section\"  itemscope=\"itemscope\" itemtype=\"https:\/\/schema.org\/CreativeWork\" ><div class='avia_textblock '  style='font-size:16px; '  itemprop=\"text\" ><h6 class=\"p1\"><strong><span class=\"s1\">DATOS<\/span><\/strong><\/h6>\n<p>\u2022 Caudal m\u00e1ximo: 1500 m3\/h<br \/>\n\u2022 Altura m\u00e1x.: 200 m<br \/>\n\u2022 Potencia: 132\u00f7630 kW<\/p>\n<\/div><\/section><br \/>\n<div style=' margin-top:20px; margin-bottom:20px;'  class='hr hr-custom hr-left hr-icon-no '><span class='hr-inner   inner-border-av-border-fat' style=' width:100%; border-color:#2e89c9;' ><span class='hr-inner-style'><\/span><\/span><\/div><br \/>\n<div class='avia-image-container  av-styling-   avia-align-center '  itemscope=\"itemscope\" itemtype=\"https:\/\/schema.org\/ImageObject\"  ><div class='avia-image-container-inner'><a href='https:\/\/www.pompezanni.it\/wp-content\/uploads\/2018\/05\/multistadio-verticali_50-HZ_990-RPM_22-inch.pdf' class='avia_image'   target=\"_blank\" ><img class='avia_image ' src='https:\/\/www.pompezanni.it\/wp-content\/uploads\/2018\/06\/50hz_22_inch-990RPM_ESP.png' alt='' title='50hz_22_inch-990RPM_ESP'  itemprop=\"thumbnailUrl\"  \/><\/a><\/div><\/div><br \/>\n<div class='avia-image-container  av-styling-   avia-align-center '  itemscope=\"itemscope\" itemtype=\"https:\/\/schema.org\/ImageObject\"  ><div class='avia-image-container-inner'><a href='https:\/\/www.pompezanni.it\/wp-content\/uploads\/2018\/05\/multistadio-verticali_50-HZ_1480-RPM_22-inch.pdf' class='avia_image'   target=\"_blank\" ><img class='avia_image ' src='https:\/\/www.pompezanni.it\/wp-content\/uploads\/2018\/06\/50hz_22_inch-1480RPM_ESP.png' alt='' title='50hz_22_inch-1480RPM_ESP'  itemprop=\"thumbnailUrl\"  \/><\/a><\/div><\/div><br \/>\n<div style='height:20px' class='hr hr-invisible '><span class='hr-inner ' ><span class='hr-inner-style'><\/span><\/span><\/div><br \/>\n<div class='avia-image-container  av-styling-   avia-align-center '  itemscope=\"itemscope\" itemtype=\"https:\/\/schema.org\/ImageObject\"  ><div class='avia-image-container-inner'><a href='https:\/\/www.pompezanni.it\/wp-content\/uploads\/2018\/05\/Cat-VERT-50HZ.pdf' class='avia_image'   target=\"_blank\" ><img class='avia_image ' src='https:\/\/www.pompezanni.it\/wp-content\/uploads\/2018\/06\/SCARICA_CATALOGO_PDF_PAG_PRODOTTO_ESP.png' alt='' title='SCARICA_CATALOGO_PDF_PAG_PRODOTTO_ESP'  itemprop=\"thumbnailUrl\"  \/><\/a><\/div><\/div><\/p><\/div><\/div><!--close column table wrapper. Autoclose: 1 --><div style='height:20px' class='hr hr-invisible '><span class='hr-inner ' ><span class='hr-inner-style'><\/span><\/span><\/div><\/p>\n<\/div><\/div><\/div><!-- close content main div --><\/div><\/div><div id='av_section_4' class='avia-section main_color avia-section-small avia-no-border-styling avia-bg-style-scroll  container_wrap fullsize' style = 'background-color: #333037; background-repeat: no-repeat; background-image: url(https:\/\/www.pompezanni.it\/wp-content\/uploads\/2018\/02\/IMG_CTA_SMALL-1.png); background-attachment: scroll; background-position: center center; ' data-section-bg-repeat='no-repeat' ><div class='container' ><div class='template-page content  av-content-full alpha units'><div class='post-entry post-entry-type-page post-entry-25655'><div class='entry-content-wrapper clearfix'>\n<div class='flex_column_table av-equal-height-column-flextable' ><div class=\"flex_column av_three_fourth  flex_column_table_cell av-equal-height-column av-align-middle av-zero-column-padding first  \" style='border-radius:0px; '><p><div style='padding-bottom:0px;color:#ffffff;' class='av-special-heading av-special-heading-h2 custom-color-heading blockquote modern-quote  '><h2 class='av-special-heading-tag'  itemprop=\"headline\"  >\u00bfCUALES SON SUS NECESIDADES? <\/h2><div class='special-heading-border'><div class='special-heading-inner-border' style='border-color:#ffffff'><\/div><\/div><\/div><br \/>\n<section class=\"av_textblock_section\"  itemscope=\"itemscope\" itemtype=\"https:\/\/schema.org\/CreativeWork\" ><div class='avia_textblock  av_inherit_color'  style='font-size:18px; color:#ffffff; '  itemprop=\"text\" ><p><strong style=\"color: #ffffff;\">\u00bfCaudal? Altura? Potencia? Conteste nuestro breve cuestionario gratuito.<\/strong><br \/>\nCon unas pocas preguntas podremos indicarle el tipo de bomba m\u00e1s adecuada para sus exigencias.<\/p>\n<\/div><\/section><\/p><\/div><\/div><!--close column table wrapper. Autoclose: 1 --><div class='flex_column_table av-equal-height-column-flextable' ><div class='av-flex-placeholder'><\/div><div class=\"flex_column av_one_fourth  flex_column_table_cell av-equal-height-column av-align-middle av-zero-column-padding   \" style='border-radius:0px; '><div class='avia-image-container  av-styling-   avia-align-center '  itemscope=\"itemscope\" itemtype=\"https:\/\/schema.org\/ImageObject\"  ><div class='avia-image-container-inner'><a href='https:\/\/www.pompezanni.it\/es\/configurador\/' class='avia_image'  ><img class='avia_image ' src='https:\/\/www.pompezanni.it\/wp-content\/uploads\/2018\/06\/BUTTON-CTA-ESP.png' alt='prepuesto' title='prepuesto'  itemprop=\"thumbnailUrl\"  \/><\/a><\/div><\/div><\/div><\/div><!--close column table wrapper. Autoclose: 1 -->\n\n<\/div><\/div><\/div><!-- close content main div --><\/div><\/div><div id='av_section_5' class='avia-section main_color avia-section-no-padding avia-no-border-styling avia-full-stretch avia-bg-style-scroll  av-minimum-height av-minimum-height-custom container_wrap fullsize' style = 'background-repeat: no-repeat; background-image: url(https:\/\/www.pompezanni.it\/wp-content\/uploads\/2018\/02\/IMG_PROD.jpg); background-attachment: scroll; background-position: center center; ' data-section-bg-repeat='stretch' ><div class='container' style='height:400px'><div class='template-page content  av-content-full alpha units'><div class='post-entry post-entry-type-page post-entry-25655'><div class='entry-content-wrapper clearfix'>\n","protected":false},"excerpt":{"rendered":"","protected":false},"author":1,"featured_media":0,"parent":25658,"menu_order":80,"comment_status":"closed","ping_status":"closed","template":"","meta":{"_acf_changed":false,"footnotes":""},"class_list":["post-25655","page","type-page","status-publish","hentry"],"acf":[],"_links":{"self":[{"href":"https:\/\/www.pompezanni.it\/es\/wp-json\/wp\/v2\/pages\/25655","targetHints":{"allow":["GET"]}}],"collection":[{"href":"https:\/\/www.pompezanni.it\/es\/wp-json\/wp\/v2\/pages"}],"about":[{"href":"https:\/\/www.pompezanni.it\/es\/wp-json\/wp\/v2\/types\/page"}],"author":[{"embeddable":true,"href":"https:\/\/www.pompezanni.it\/es\/wp-json\/wp\/v2\/users\/1"}],"replies":[{"embeddable":true,"href":"https:\/\/www.pompezanni.it\/es\/wp-json\/wp\/v2\/comments?post=25655"}],"version-history":[{"count":0,"href":"https:\/\/www.pompezanni.it\/es\/wp-json\/wp\/v2\/pages\/25655\/revisions"}],"up":[{"embeddable":true,"href":"https:\/\/www.pompezanni.it\/es\/wp-json\/wp\/v2\/pages\/25658"}],"wp:attachment":[{"href":"https:\/\/www.pompezanni.it\/es\/wp-json\/wp\/v2\/media?parent=25655"}],"curies":[{"name":"wp","href":"https:\/\/api.w.org\/{rel}","templated":true}]}}