{"id":25559,"date":"2018-06-19T11:13:15","date_gmt":"2018-06-19T09:13:15","guid":{"rendered":"https:\/\/www.pompezanni.it\/?page_id=25559"},"modified":"2018-06-21T17:43:33","modified_gmt":"2018-06-21T15:43:33","slug":"sobre-nosotros","status":"publish","type":"page","link":"https:\/\/www.pompezanni.it\/es\/sobre-nosotros\/","title":{"rendered":"Sobre nosotros"},"content":{"rendered":"<div id='layer_slider_1' class='avia-layerslider main_color avia-shadow  container_wrap fullsize'    style='height: 201px;' ><\/div>\n<\/div><\/div><\/div><!-- close content main div --><\/div><\/div><div id='av_section_1' class='avia-section main_color avia-section-default avia-no-shadow avia-bg-style-scroll  container_wrap fullsize'   ><div class='container' ><div class='template-page content  av-content-full alpha units'><div class='post-entry post-entry-type-page post-entry-25559'><div class='entry-content-wrapper clearfix'>\n<div class=\"flex_column av_one_full  flex_column_div av-zero-column-padding first  \" style='border-radius:0px; '><div style='padding-bottom:0px;' class='av-special-heading av-special-heading-h2  blockquote modern-quote modern-centered '><h2 class='av-special-heading-tag'  itemprop=\"headline\"  >Pompe Zanni, desde 1964.<\/h2><div class='special-heading-border'><div class='special-heading-inner-border' ><\/div><\/div><\/div><\/div><div class=\"flex_column av_one_half  flex_column_div av-zero-column-padding first  \" style='border-radius:0px; '><section class=\"av_textblock_section\"  itemscope=\"itemscope\" itemtype=\"https:\/\/schema.org\/CreativeWork\" ><div class='avia_textblock '  style='font-size:18px; '  itemprop=\"text\" ><p>La empresa <strong>Pompe Zanni<\/strong>, con sede en <strong>Rubiera<\/strong> (<strong>Reggio Emilia<\/strong>), se dedica a las bombas y electrobombas desde <strong>1964<\/strong>.<\/p>\n<p>A lo largo de estos a\u00f1os ha adquirido la experiencia necesaria para realizar productos para instalaciones industriales, riego, drenaje de las minas, estaciones de bombeo y muchas otras aplicaciones.<\/p>\n<\/div><\/section><\/div><div class=\"flex_column av_one_half  flex_column_div av-zero-column-padding   \" style='border-radius:0px; '><section class=\"av_textblock_section\"  itemscope=\"itemscope\" itemtype=\"https:\/\/schema.org\/CreativeWork\" ><div class='avia_textblock '  style='font-size:18px; '  itemprop=\"text\" ><p>Experiencia y profesionalidad son las claves del \u00e9xito de nuestra empresa, siempre a la vanguardia del sector gracias a la investigaci\u00f3n constante que permite unir la experiencia con las tecnolog\u00edas m\u00e1s innovadoras.<\/p>\n<\/div><\/section><\/div><\/div><\/div><\/div><!-- close content main div --><\/div><\/div><div id='av_section_2' class='avia-section main_color avia-section-small avia-no-border-styling avia-bg-style-scroll  container_wrap fullsize' style = 'background-color: #333037; background-repeat: no-repeat; background-image: url(https:\/\/www.pompezanni.it\/wp-content\/uploads\/2018\/02\/IMG_CTA_SMALL-1.png); background-attachment: scroll; background-position: center center; ' data-section-bg-repeat='no-repeat' ><div class='container' ><div class='template-page content  av-content-full alpha units'><div class='post-entry post-entry-type-page post-entry-25559'><div class='entry-content-wrapper clearfix'>\n<div class='flex_column_table av-equal-height-column-flextable' ><div class=\"flex_column av_three_fourth  flex_column_table_cell av-equal-height-column av-align-middle av-zero-column-padding first  \" style='border-radius:0px; '><p><div style='padding-bottom:0px;color:#ffffff;' class='av-special-heading av-special-heading-h2 custom-color-heading blockquote modern-quote  '><h2 class='av-special-heading-tag'  itemprop=\"headline\"  >\u00bfCUALES SON SUS NECESIDADES? <\/h2><div class='special-heading-border'><div class='special-heading-inner-border' style='border-color:#ffffff'><\/div><\/div><\/div><br \/>\n<section class=\"av_textblock_section\"  itemscope=\"itemscope\" itemtype=\"https:\/\/schema.org\/CreativeWork\" ><div class='avia_textblock  av_inherit_color'  style='font-size:18px; color:#ffffff; '  itemprop=\"text\" ><p><strong style=\"color: #ffffff;\">\u00bfCaudal? Altura? Potencia? Conteste nuestro breve cuestionario gratuito.<\/strong><br \/>\nCon unas pocas preguntas podremos indicarle el tipo de bomba m\u00e1s adecuada para sus exigencias.<\/p>\n<\/div><\/section><\/p><\/div><\/div><!--close column table wrapper. Autoclose: 1 --><div class='flex_column_table av-equal-height-column-flextable' ><div class='av-flex-placeholder'><\/div><div class=\"flex_column av_one_fourth  flex_column_table_cell av-equal-height-column av-align-middle av-zero-column-padding   \" style='border-radius:0px; '><div class='avia-image-container  av-styling-   avia-align-center '  itemscope=\"itemscope\" itemtype=\"https:\/\/schema.org\/ImageObject\"  ><div class='avia-image-container-inner'><a href='https:\/\/www.pompezanni.it\/es\/configurador\/' class='avia_image'  ><img class='avia_image ' src='https:\/\/www.pompezanni.it\/wp-content\/uploads\/2018\/06\/BUTTON-CTA-ESP.png' alt='prepuesto' title='prepuesto'  itemprop=\"thumbnailUrl\"  \/><\/a><\/div><\/div><\/div><\/div><!--close column table wrapper. Autoclose: 1 -->\n<\/p>\n<\/div><\/div><\/div><!-- close content main div --><\/div><\/div><div id='civile' class='avia-section main_color avia-section-default avia-no-border-styling avia-bg-style-scroll  container_wrap fullsize' style = 'background-color: #2e89c9; '  ><div class='container' ><div class='template-page content  av-content-full alpha units'><div class='post-entry post-entry-type-page post-entry-25559'><div class='entry-content-wrapper clearfix'>\n<div class=\"flex_column av_one_half  flex_column_div av-zero-column-padding first  \" style='border-radius:0px; '><section class=\"av_textblock_section\"  itemscope=\"itemscope\" itemtype=\"https:\/\/schema.org\/CreativeWork\" ><div class='avia_textblock  av_inherit_color'  style='font-size:18px; color:#ffffff; '  itemprop=\"text\" ><p>En <strong>Italia<\/strong> son muchos los clientes que eligen <strong>Pompe Zanni<\/strong> para disfrutar de su servicio puntual y de calidad. Fiabilidad y competencia son los valores m\u00e1s importantes para todos los trabajadores de <strong>Pompe Zanni<\/strong>: gracias a estos valores, los clientes han otorgado a nuestra empresa varios reconocimientos.<\/p>\n<\/div><\/section><\/div><div class=\"flex_column av_one_half  flex_column_div av-zero-column-padding   \" style='border-radius:0px; '><section class=\"av_textblock_section\"  itemscope=\"itemscope\" itemtype=\"https:\/\/schema.org\/CreativeWork\" ><div class='avia_textblock  av_inherit_color'  style='font-size:18px; color:#ffffff; '  itemprop=\"text\" ><p>La calidad de nuestro servicio ha conquistado tambi\u00e9n los <strong>mercados extranjeros<\/strong>: exportamos nuestras bombas verticales, horizontales y para pozos a diferentes pa\u00edses del mundo.<\/p>\n<p><strong>Espa\u00f1a, Gran Breta\u00f1a, Libia, Egipto, Jordania, Irak, Indonesia <\/strong>y<strong> Arabia Saud\u00ed <\/strong>son algunos de los pa\u00edses clientes de <strong>Pompe Zanni<\/strong>.<\/p>\n<\/div><\/section><\/div><div class=\"flex_column av_one_full  flex_column_div av-zero-column-padding first  \" style='border-radius:0px; '><div class='avia-image-container  av-styling-   avia-align-center '  itemscope=\"itemscope\" itemtype=\"https:\/\/schema.org\/ImageObject\"  ><div class='avia-image-container-inner'><img class='avia_image ' src='https:\/\/www.pompezanni.it\/wp-content\/uploads\/2018\/03\/split-case-diesel-pompe-zanni-00.jpg' alt='pompe neve artificiale' title='pompe-split-case'   itemprop=\"thumbnailUrl\"  \/><\/div><\/div><\/div><\/div><\/div><\/div><!-- close content main div --><\/div><\/div><div id='av_section_4' class='avia-section main_color avia-section-default avia-no-border-styling avia-bg-style-scroll  container_wrap fullsize' style = 'background-color: #333037; background-repeat: no-repeat; background-image: url(https:\/\/www.pompezanni.it\/wp-content\/uploads\/2018\/02\/CTA_BG_SINGLE.png); background-attachment: scroll; background-position: center center; ' data-section-bg-repeat='no-repeat' ><div class='container' ><div class='template-page content  av-content-full alpha units'><div class='post-entry post-entry-type-page post-entry-25559'><div class='entry-content-wrapper clearfix'>\n<section class=\"av_textblock_section\"  itemscope=\"itemscope\" itemtype=\"https:\/\/schema.org\/CreativeWork\" ><div class='avia_textblock  av_inherit_color'  style='color:#ffffff; '  itemprop=\"text\" ><h2 style=\"text-align: center;\">Nuestros clientes pueden contar con el soporte de nuestros equipos cuya alt\u00edsima profesionalidad nace de su experiencia y actualizaci\u00f3n tecnol\u00f3gica constante.<\/h2>\n<\/div><\/section>\n<\/div><\/div><\/div><!-- close content main div --><\/div><\/div><div id='av_section_5' class='avia-section main_color avia-section-default avia-no-border-styling avia-full-stretch avia-bg-style-scroll  av-minimum-height av-minimum-height-custom container_wrap fullsize' style = 'background-repeat: no-repeat; background-image: url(https:\/\/www.pompezanni.it\/wp-content\/uploads\/2018\/02\/BG_SEPARATORE.jpg); background-attachment: scroll; background-position: center center; ' data-section-bg-repeat='stretch' ><div class='container' style='height:400px'><div class='template-page content  av-content-full alpha units'><div class='post-entry post-entry-type-page post-entry-25559'><div class='entry-content-wrapper clearfix'><\/p>\n","protected":false},"excerpt":{"rendered":"","protected":false},"author":1,"featured_media":0,"parent":0,"menu_order":0,"comment_status":"open","ping_status":"closed","template":"","meta":{"_acf_changed":false,"footnotes":""},"class_list":["post-25559","page","type-page","status-publish","hentry"],"acf":[],"_links":{"self":[{"href":"https:\/\/www.pompezanni.it\/es\/wp-json\/wp\/v2\/pages\/25559","targetHints":{"allow":["GET"]}}],"collection":[{"href":"https:\/\/www.pompezanni.it\/es\/wp-json\/wp\/v2\/pages"}],"about":[{"href":"https:\/\/www.pompezanni.it\/es\/wp-json\/wp\/v2\/types\/page"}],"author":[{"embeddable":true,"href":"https:\/\/www.pompezanni.it\/es\/wp-json\/wp\/v2\/users\/1"}],"replies":[{"embeddable":true,"href":"https:\/\/www.pompezanni.it\/es\/wp-json\/wp\/v2\/comments?post=25559"}],"version-history":[{"count":0,"href":"https:\/\/www.pompezanni.it\/es\/wp-json\/wp\/v2\/pages\/25559\/revisions"}],"wp:attachment":[{"href":"https:\/\/www.pompezanni.it\/es\/wp-json\/wp\/v2\/media?parent=25559"}],"curies":[{"name":"wp","href":"https:\/\/api.w.org\/{rel}","templated":true}]}}